{"id":2664,"date":"2023-03-29T18:46:51","date_gmt":"2023-03-29T18:46:51","guid":{"rendered":"https:\/\/akmenesmedelynas.lt\/?post_type=product&#038;p=2664"},"modified":"2023-03-29T18:46:51","modified_gmt":"2023-03-29T18:46:51","slug":"skoroplodnaja","status":"publish","type":"product","link":"https:\/\/akmenesmedelynas.lt\/?product=skoroplodnaja","title":{"rendered":"Skoroplodnaja"},"content":{"rendered":"","protected":false},"excerpt":{"rendered":"<p>Itin derlinga, labai ankstyva, kry\u017emadulk\u0117, slyv\u0173 veisl\u0117. Vaisiai sunoksta rugpj\u016b\u010dio m\u0117nes\u012f, ne vienu metu. Vaisiai apval\u016bs, vidutini\u0161kai stamb\u016bs, rausvi ar gelsvai rausvos spalvos. Mink\u0161timas geltonas, sultingas, labai skanus. Vaismedis vidutinio augumo, der\u0117ti pradeda 2 &#8211; 3 metais po pasodinimo, kasmet, ir labai gausiai. Augalas gan atsparus \u0161al\u010diui ir ligoms.<\/p>\n","protected":false},"featured_media":2665,"comment_status":"open","ping_status":"closed","template":"","meta":[],"class_list":{"0":"post-2664","1":"product","2":"type-product","3":"status-publish","4":"has-post-thumbnail","6":"product_cat-slyvos","8":"first","9":"instock","10":"shipping-taxable","11":"product-type-simple"},"yoast_head":"<!-- This site is optimized with the Yoast SEO plugin v16.0.2 - https:\/\/yoast.com\/wordpress\/plugins\/seo\/ -->\n<title>Skoroplodnaja - Akmen\u0117s medelynas<\/title>\n<link rel=\"canonical\" href=\"https:\/\/akmenesmedelynas.lt\/?product=skoroplodnaja\" \/>\n<meta property=\"og:locale\" content=\"lt_LT\" \/>\n<meta property=\"og:type\" content=\"article\" \/>\n<meta property=\"og:title\" content=\"Skoroplodnaja - Akmen\u0117s medelynas\" \/>\n<meta property=\"og:description\" content=\"Itin derlinga, labai ankstyva, kry\u017emadulk\u0117, slyv\u0173 veisl\u0117. Vaisiai sunoksta rugpj\u016b\u010dio m\u0117nes\u012f, ne vienu metu. Vaisiai apval\u016bs, vidutini\u0161kai stamb\u016bs, rausvi ar gelsvai rausvos spalvos. Mink\u0161timas geltonas, sultingas, labai skanus. Vaismedis vidutinio augumo, der\u0117ti pradeda 2 - 3 metais po pasodinimo, kasmet, ir labai gausiai. Augalas gan atsparus \u0161al\u010diui ir ligoms.\" \/>\n<meta property=\"og:url\" content=\"https:\/\/akmenesmedelynas.lt\/?product=skoroplodnaja\" \/>\n<meta property=\"og:site_name\" content=\"Akmen\u0117s medelynas\" \/>\n<meta property=\"og:image\" content=\"https:\/\/akmenesmedelynas.lt\/wp-content\/uploads\/2023\/03\/skoroplodnaja.jpeg\" \/>\n\t<meta property=\"og:image:width\" content=\"800\" \/>\n\t<meta property=\"og:image:height\" content=\"800\" \/>\n<meta name=\"twitter:card\" content=\"summary_large_image\" \/>\n<script type=\"application\/ld+json\" class=\"yoast-schema-graph\">{\"@context\":\"https:\/\/schema.org\",\"@graph\":[{\"@type\":\"Organization\",\"@id\":\"https:\/\/akmenesmedelynas.lt\/#organization\",\"name\":\"Akmen\\u0117s medelynas\",\"url\":\"https:\/\/akmenesmedelynas.lt\/\",\"sameAs\":[],\"logo\":{\"@type\":\"ImageObject\",\"@id\":\"https:\/\/akmenesmedelynas.lt\/#logo\",\"inLanguage\":\"lt-LT\",\"url\":\"https:\/\/akmenesmedelynas.lt\/wp-content\/uploads\/2021\/03\/Akmene\\u0307s-medelynas-Logo-5.png\",\"width\":1500,\"height\":1500,\"caption\":\"Akmen\\u0117s medelynas\"},\"image\":{\"@id\":\"https:\/\/akmenesmedelynas.lt\/#logo\"}},{\"@type\":\"WebSite\",\"@id\":\"https:\/\/akmenesmedelynas.lt\/#website\",\"url\":\"https:\/\/akmenesmedelynas.lt\/\",\"name\":\"Akmen\\u0117s medelynas\",\"description\":\"\",\"publisher\":{\"@id\":\"https:\/\/akmenesmedelynas.lt\/#organization\"},\"potentialAction\":[{\"@type\":\"SearchAction\",\"target\":\"https:\/\/akmenesmedelynas.lt\/?s={search_term_string}\",\"query-input\":\"required name=search_term_string\"}],\"inLanguage\":\"lt-LT\"},{\"@type\":\"ImageObject\",\"@id\":\"https:\/\/akmenesmedelynas.lt\/?product=skoroplodnaja#primaryimage\",\"inLanguage\":\"lt-LT\",\"url\":\"https:\/\/akmenesmedelynas.lt\/wp-content\/uploads\/2023\/03\/skoroplodnaja.jpeg\",\"width\":800,\"height\":800},{\"@type\":\"WebPage\",\"@id\":\"https:\/\/akmenesmedelynas.lt\/?product=skoroplodnaja#webpage\",\"url\":\"https:\/\/akmenesmedelynas.lt\/?product=skoroplodnaja\",\"name\":\"Skoroplodnaja - Akmen\\u0117s medelynas\",\"isPartOf\":{\"@id\":\"https:\/\/akmenesmedelynas.lt\/#website\"},\"primaryImageOfPage\":{\"@id\":\"https:\/\/akmenesmedelynas.lt\/?product=skoroplodnaja#primaryimage\"},\"datePublished\":\"2023-03-29T18:46:51+00:00\",\"dateModified\":\"2023-03-29T18:46:51+00:00\",\"breadcrumb\":{\"@id\":\"https:\/\/akmenesmedelynas.lt\/?product=skoroplodnaja#breadcrumb\"},\"inLanguage\":\"lt-LT\",\"potentialAction\":[{\"@type\":\"ReadAction\",\"target\":[\"https:\/\/akmenesmedelynas.lt\/?product=skoroplodnaja\"]}]},{\"@type\":\"BreadcrumbList\",\"@id\":\"https:\/\/akmenesmedelynas.lt\/?product=skoroplodnaja#breadcrumb\",\"itemListElement\":[{\"@type\":\"ListItem\",\"position\":1,\"item\":{\"@type\":\"WebPage\",\"@id\":\"https:\/\/akmenesmedelynas.lt\/\",\"url\":\"https:\/\/akmenesmedelynas.lt\/\",\"name\":\"Home\"}},{\"@type\":\"ListItem\",\"position\":2,\"item\":{\"@type\":\"WebPage\",\"@id\":\"https:\/\/akmenesmedelynas.lt\/?post_type=product\",\"url\":\"https:\/\/akmenesmedelynas.lt\/?post_type=product\",\"name\":\"Produktai\"}},{\"@type\":\"ListItem\",\"position\":3,\"item\":{\"@type\":\"WebPage\",\"@id\":\"https:\/\/akmenesmedelynas.lt\/?product=skoroplodnaja\",\"url\":\"https:\/\/akmenesmedelynas.lt\/?product=skoroplodnaja\",\"name\":\"Skoroplodnaja\"}}]}]}<\/script>\n<!-- \/ Yoast SEO plugin. -->","_links":{"self":[{"href":"https:\/\/akmenesmedelynas.lt\/index.php?rest_route=\/wp\/v2\/product\/2664","targetHints":{"allow":["GET"]}}],"collection":[{"href":"https:\/\/akmenesmedelynas.lt\/index.php?rest_route=\/wp\/v2\/product"}],"about":[{"href":"https:\/\/akmenesmedelynas.lt\/index.php?rest_route=\/wp\/v2\/types\/product"}],"replies":[{"embeddable":true,"href":"https:\/\/akmenesmedelynas.lt\/index.php?rest_route=%2Fwp%2Fv2%2Fcomments&post=2664"}],"version-history":[{"count":1,"href":"https:\/\/akmenesmedelynas.lt\/index.php?rest_route=\/wp\/v2\/product\/2664\/revisions"}],"predecessor-version":[{"id":2666,"href":"https:\/\/akmenesmedelynas.lt\/index.php?rest_route=\/wp\/v2\/product\/2664\/revisions\/2666"}],"wp:featuredmedia":[{"embeddable":true,"href":"https:\/\/akmenesmedelynas.lt\/index.php?rest_route=\/wp\/v2\/media\/2665"}],"wp:attachment":[{"href":"https:\/\/akmenesmedelynas.lt\/index.php?rest_route=%2Fwp%2Fv2%2Fmedia&parent=2664"}],"curies":[{"name":"wp","href":"https:\/\/api.w.org\/{rel}","templated":true}]}}