{"id":2655,"date":"2023-03-29T16:10:14","date_gmt":"2023-03-29T16:10:14","guid":{"rendered":"https:\/\/akmenesmedelynas.lt\/?post_type=product&#038;p=2655"},"modified":"2023-04-06T15:24:03","modified_gmt":"2023-04-06T15:24:03","slug":"saturn","status":"publish","type":"product","link":"https:\/\/akmenesmedelynas.lt\/?product=saturn","title":{"rendered":"Saturn"},"content":{"rendered":"","protected":false},"excerpt":{"rendered":"<p>Vidutinio ankstyvumo plok\u0161\u010diavaisi\u0173 persik\u0173 veisl\u0117, vaisiai prinoksta rugpj\u016b\u010dio viduryje. Vaisiai plok\u0161ti, sultingi, aromatingi, ypa\u010d sald\u016bs, kauliukas smulkus, lengvai i\u0161siima i\u0161 mink\u0161timo. Nelink\u0119 byr\u0117ti, tvirtai laikosi ant \u0161ak\u0173.<\/p>\n<p>Veisl\u0117 labai derlinga, savidulk\u0117. I\u0161tverminga \u017eiem\u0105, \u0161al\u010diams gana atspar\u016bs ir \u017eiediniai pumpurai.<\/p>\n","protected":false},"featured_media":2656,"comment_status":"open","ping_status":"closed","template":"","meta":[],"class_list":{"0":"post-2655","1":"product","2":"type-product","3":"status-publish","4":"has-post-thumbnail","6":"product_cat-persikai","8":"first","9":"instock","10":"shipping-taxable","11":"product-type-simple"},"yoast_head":"<!-- This site is optimized with the Yoast SEO plugin v16.0.2 - https:\/\/yoast.com\/wordpress\/plugins\/seo\/ -->\n<title>Saturn - Akmen\u0117s medelynas<\/title>\n<link rel=\"canonical\" href=\"https:\/\/akmenesmedelynas.lt\/?product=saturn\" \/>\n<meta property=\"og:locale\" content=\"lt_LT\" \/>\n<meta property=\"og:type\" content=\"article\" \/>\n<meta property=\"og:title\" content=\"Saturn - Akmen\u0117s medelynas\" \/>\n<meta property=\"og:description\" content=\"Vidutinio ankstyvumo plok\u0161\u010diavaisi\u0173 persik\u0173 veisl\u0117, vaisiai prinoksta rugpj\u016b\u010dio viduryje. Vaisiai plok\u0161ti, sultingi, aromatingi, ypa\u010d sald\u016bs, kauliukas smulkus, lengvai i\u0161siima i\u0161 mink\u0161timo. Nelink\u0119 byr\u0117ti, tvirtai laikosi ant \u0161ak\u0173.  Veisl\u0117 labai derlinga, savidulk\u0117. I\u0161tverminga \u017eiem\u0105, \u0161al\u010diams gana atspar\u016bs ir \u017eiediniai pumpurai.\" \/>\n<meta property=\"og:url\" content=\"https:\/\/akmenesmedelynas.lt\/?product=saturn\" \/>\n<meta property=\"og:site_name\" content=\"Akmen\u0117s medelynas\" \/>\n<meta property=\"article:modified_time\" content=\"2023-04-06T15:24:03+00:00\" \/>\n<meta property=\"og:image\" content=\"https:\/\/akmenesmedelynas.lt\/wp-content\/uploads\/2023\/03\/saturn.jpeg\" \/>\n\t<meta property=\"og:image:width\" content=\"800\" \/>\n\t<meta property=\"og:image:height\" content=\"600\" \/>\n<meta name=\"twitter:card\" content=\"summary_large_image\" \/>\n<script type=\"application\/ld+json\" class=\"yoast-schema-graph\">{\"@context\":\"https:\/\/schema.org\",\"@graph\":[{\"@type\":\"Organization\",\"@id\":\"https:\/\/akmenesmedelynas.lt\/#organization\",\"name\":\"Akmen\\u0117s medelynas\",\"url\":\"https:\/\/akmenesmedelynas.lt\/\",\"sameAs\":[],\"logo\":{\"@type\":\"ImageObject\",\"@id\":\"https:\/\/akmenesmedelynas.lt\/#logo\",\"inLanguage\":\"lt-LT\",\"url\":\"https:\/\/akmenesmedelynas.lt\/wp-content\/uploads\/2021\/03\/Akmene\\u0307s-medelynas-Logo-5.png\",\"width\":1500,\"height\":1500,\"caption\":\"Akmen\\u0117s medelynas\"},\"image\":{\"@id\":\"https:\/\/akmenesmedelynas.lt\/#logo\"}},{\"@type\":\"WebSite\",\"@id\":\"https:\/\/akmenesmedelynas.lt\/#website\",\"url\":\"https:\/\/akmenesmedelynas.lt\/\",\"name\":\"Akmen\\u0117s medelynas\",\"description\":\"\",\"publisher\":{\"@id\":\"https:\/\/akmenesmedelynas.lt\/#organization\"},\"potentialAction\":[{\"@type\":\"SearchAction\",\"target\":\"https:\/\/akmenesmedelynas.lt\/?s={search_term_string}\",\"query-input\":\"required name=search_term_string\"}],\"inLanguage\":\"lt-LT\"},{\"@type\":\"ImageObject\",\"@id\":\"https:\/\/akmenesmedelynas.lt\/?product=saturn#primaryimage\",\"inLanguage\":\"lt-LT\",\"url\":\"https:\/\/akmenesmedelynas.lt\/wp-content\/uploads\/2023\/03\/saturn.jpeg\",\"width\":800,\"height\":600},{\"@type\":\"WebPage\",\"@id\":\"https:\/\/akmenesmedelynas.lt\/?product=saturn#webpage\",\"url\":\"https:\/\/akmenesmedelynas.lt\/?product=saturn\",\"name\":\"Saturn - Akmen\\u0117s medelynas\",\"isPartOf\":{\"@id\":\"https:\/\/akmenesmedelynas.lt\/#website\"},\"primaryImageOfPage\":{\"@id\":\"https:\/\/akmenesmedelynas.lt\/?product=saturn#primaryimage\"},\"datePublished\":\"2023-03-29T16:10:14+00:00\",\"dateModified\":\"2023-04-06T15:24:03+00:00\",\"breadcrumb\":{\"@id\":\"https:\/\/akmenesmedelynas.lt\/?product=saturn#breadcrumb\"},\"inLanguage\":\"lt-LT\",\"potentialAction\":[{\"@type\":\"ReadAction\",\"target\":[\"https:\/\/akmenesmedelynas.lt\/?product=saturn\"]}]},{\"@type\":\"BreadcrumbList\",\"@id\":\"https:\/\/akmenesmedelynas.lt\/?product=saturn#breadcrumb\",\"itemListElement\":[{\"@type\":\"ListItem\",\"position\":1,\"item\":{\"@type\":\"WebPage\",\"@id\":\"https:\/\/akmenesmedelynas.lt\/\",\"url\":\"https:\/\/akmenesmedelynas.lt\/\",\"name\":\"Home\"}},{\"@type\":\"ListItem\",\"position\":2,\"item\":{\"@type\":\"WebPage\",\"@id\":\"https:\/\/akmenesmedelynas.lt\/?post_type=product\",\"url\":\"https:\/\/akmenesmedelynas.lt\/?post_type=product\",\"name\":\"Produktai\"}},{\"@type\":\"ListItem\",\"position\":3,\"item\":{\"@type\":\"WebPage\",\"@id\":\"https:\/\/akmenesmedelynas.lt\/?product=saturn\",\"url\":\"https:\/\/akmenesmedelynas.lt\/?product=saturn\",\"name\":\"Saturn\"}}]}]}<\/script>\n<!-- \/ Yoast SEO plugin. -->","_links":{"self":[{"href":"https:\/\/akmenesmedelynas.lt\/index.php?rest_route=\/wp\/v2\/product\/2655","targetHints":{"allow":["GET"]}}],"collection":[{"href":"https:\/\/akmenesmedelynas.lt\/index.php?rest_route=\/wp\/v2\/product"}],"about":[{"href":"https:\/\/akmenesmedelynas.lt\/index.php?rest_route=\/wp\/v2\/types\/product"}],"replies":[{"embeddable":true,"href":"https:\/\/akmenesmedelynas.lt\/index.php?rest_route=%2Fwp%2Fv2%2Fcomments&post=2655"}],"version-history":[{"count":1,"href":"https:\/\/akmenesmedelynas.lt\/index.php?rest_route=\/wp\/v2\/product\/2655\/revisions"}],"predecessor-version":[{"id":2657,"href":"https:\/\/akmenesmedelynas.lt\/index.php?rest_route=\/wp\/v2\/product\/2655\/revisions\/2657"}],"wp:featuredmedia":[{"embeddable":true,"href":"https:\/\/akmenesmedelynas.lt\/index.php?rest_route=\/wp\/v2\/media\/2656"}],"wp:attachment":[{"href":"https:\/\/akmenesmedelynas.lt\/index.php?rest_route=%2Fwp%2Fv2%2Fmedia&parent=2655"}],"curies":[{"name":"wp","href":"https:\/\/api.w.org\/{rel}","templated":true}]}}