{"id":2623,"date":"2023-03-27T16:05:00","date_gmt":"2023-03-27T16:05:00","guid":{"rendered":"https:\/\/akmenesmedelynas.lt\/?post_type=product&#038;p=2623"},"modified":"2023-03-27T16:05:00","modified_gmt":"2023-03-27T16:05:00","slug":"cosford","status":"publish","type":"product","link":"https:\/\/akmenesmedelynas.lt\/?product=cosford","title":{"rendered":"Cosford"},"content":{"rendered":"","protected":false},"excerpt":{"rendered":"<p>Tai vidutinio ankstyvumo lazdyn\u0173 veisl\u0117. Pripa\u017e\u012fstama kaip viena vertingiausi\u0173 lazdyn\u0173 veisli\u0173, yra savidulk\u0117 ir pati geriausia dulkinink\u0117 kitoms lazdyn\u0173 veisl\u0117ms. Rie\u0161utai dideli arba labai dideli (iki 4 g) k\u016bginiai, pailgi. Kevalas labai plonas, trapus. Kr\u016bmas auga gana stipriai ir greitai. U\u017eauga iki 3,5-4 m auk\u0161\u010dio. Veisl\u0117 \u017eiem\u0105 i\u0161tverminga, labai atspari ligoms ir kenk\u0117jams. Pradeda der\u0117ti tre\u010diais ketvirtais metais po pasodinimo, dera gausiai ir reguliariai.<\/p>\n","protected":false},"featured_media":2624,"comment_status":"open","ping_status":"closed","template":"","meta":[],"class_list":{"0":"post-2623","1":"product","2":"type-product","3":"status-publish","4":"has-post-thumbnail","6":"product_cat-lazdynai","8":"first","9":"instock","10":"shipping-taxable","11":"product-type-simple"},"yoast_head":"<!-- This site is optimized with the Yoast SEO plugin v16.0.2 - https:\/\/yoast.com\/wordpress\/plugins\/seo\/ -->\n<title>Cosford - Akmen\u0117s medelynas<\/title>\n<link rel=\"canonical\" href=\"https:\/\/akmenesmedelynas.lt\/?product=cosford\" \/>\n<meta property=\"og:locale\" content=\"lt_LT\" \/>\n<meta property=\"og:type\" content=\"article\" \/>\n<meta property=\"og:title\" content=\"Cosford - Akmen\u0117s medelynas\" \/>\n<meta property=\"og:description\" content=\"Tai vidutinio ankstyvumo lazdyn\u0173 veisl\u0117. Pripa\u017e\u012fstama kaip viena vertingiausi\u0173 lazdyn\u0173 veisli\u0173, yra savidulk\u0117 ir pati geriausia dulkinink\u0117 kitoms lazdyn\u0173 veisl\u0117ms. Rie\u0161utai dideli arba labai dideli (iki 4 g) k\u016bginiai, pailgi. Kevalas labai plonas, trapus. Kr\u016bmas auga gana stipriai ir greitai. U\u017eauga iki 3,5-4 m auk\u0161\u010dio. Veisl\u0117 \u017eiem\u0105 i\u0161tverminga, labai atspari ligoms ir kenk\u0117jams. Pradeda der\u0117ti tre\u010diais ketvirtais metais po pasodinimo, dera gausiai ir reguliariai.\" \/>\n<meta property=\"og:url\" content=\"https:\/\/akmenesmedelynas.lt\/?product=cosford\" \/>\n<meta property=\"og:site_name\" content=\"Akmen\u0117s medelynas\" \/>\n<meta property=\"og:image\" content=\"https:\/\/akmenesmedelynas.lt\/wp-content\/uploads\/2023\/03\/cosford.jpeg\" \/>\n\t<meta property=\"og:image:width\" content=\"1000\" \/>\n\t<meta property=\"og:image:height\" content=\"1000\" \/>\n<meta name=\"twitter:card\" content=\"summary_large_image\" \/>\n<script type=\"application\/ld+json\" class=\"yoast-schema-graph\">{\"@context\":\"https:\/\/schema.org\",\"@graph\":[{\"@type\":\"Organization\",\"@id\":\"https:\/\/akmenesmedelynas.lt\/#organization\",\"name\":\"Akmen\\u0117s medelynas\",\"url\":\"https:\/\/akmenesmedelynas.lt\/\",\"sameAs\":[],\"logo\":{\"@type\":\"ImageObject\",\"@id\":\"https:\/\/akmenesmedelynas.lt\/#logo\",\"inLanguage\":\"lt-LT\",\"url\":\"https:\/\/akmenesmedelynas.lt\/wp-content\/uploads\/2021\/03\/Akmene\\u0307s-medelynas-Logo-5.png\",\"width\":1500,\"height\":1500,\"caption\":\"Akmen\\u0117s medelynas\"},\"image\":{\"@id\":\"https:\/\/akmenesmedelynas.lt\/#logo\"}},{\"@type\":\"WebSite\",\"@id\":\"https:\/\/akmenesmedelynas.lt\/#website\",\"url\":\"https:\/\/akmenesmedelynas.lt\/\",\"name\":\"Akmen\\u0117s medelynas\",\"description\":\"\",\"publisher\":{\"@id\":\"https:\/\/akmenesmedelynas.lt\/#organization\"},\"potentialAction\":[{\"@type\":\"SearchAction\",\"target\":\"https:\/\/akmenesmedelynas.lt\/?s={search_term_string}\",\"query-input\":\"required name=search_term_string\"}],\"inLanguage\":\"lt-LT\"},{\"@type\":\"ImageObject\",\"@id\":\"https:\/\/akmenesmedelynas.lt\/?product=cosford#primaryimage\",\"inLanguage\":\"lt-LT\",\"url\":\"https:\/\/akmenesmedelynas.lt\/wp-content\/uploads\/2023\/03\/cosford.jpeg\",\"width\":1000,\"height\":1000},{\"@type\":\"WebPage\",\"@id\":\"https:\/\/akmenesmedelynas.lt\/?product=cosford#webpage\",\"url\":\"https:\/\/akmenesmedelynas.lt\/?product=cosford\",\"name\":\"Cosford - Akmen\\u0117s medelynas\",\"isPartOf\":{\"@id\":\"https:\/\/akmenesmedelynas.lt\/#website\"},\"primaryImageOfPage\":{\"@id\":\"https:\/\/akmenesmedelynas.lt\/?product=cosford#primaryimage\"},\"datePublished\":\"2023-03-27T16:05:00+00:00\",\"dateModified\":\"2023-03-27T16:05:00+00:00\",\"breadcrumb\":{\"@id\":\"https:\/\/akmenesmedelynas.lt\/?product=cosford#breadcrumb\"},\"inLanguage\":\"lt-LT\",\"potentialAction\":[{\"@type\":\"ReadAction\",\"target\":[\"https:\/\/akmenesmedelynas.lt\/?product=cosford\"]}]},{\"@type\":\"BreadcrumbList\",\"@id\":\"https:\/\/akmenesmedelynas.lt\/?product=cosford#breadcrumb\",\"itemListElement\":[{\"@type\":\"ListItem\",\"position\":1,\"item\":{\"@type\":\"WebPage\",\"@id\":\"https:\/\/akmenesmedelynas.lt\/\",\"url\":\"https:\/\/akmenesmedelynas.lt\/\",\"name\":\"Home\"}},{\"@type\":\"ListItem\",\"position\":2,\"item\":{\"@type\":\"WebPage\",\"@id\":\"https:\/\/akmenesmedelynas.lt\/?post_type=product\",\"url\":\"https:\/\/akmenesmedelynas.lt\/?post_type=product\",\"name\":\"Produktai\"}},{\"@type\":\"ListItem\",\"position\":3,\"item\":{\"@type\":\"WebPage\",\"@id\":\"https:\/\/akmenesmedelynas.lt\/?product=cosford\",\"url\":\"https:\/\/akmenesmedelynas.lt\/?product=cosford\",\"name\":\"Cosford\"}}]}]}<\/script>\n<!-- \/ Yoast SEO plugin. -->","_links":{"self":[{"href":"https:\/\/akmenesmedelynas.lt\/index.php?rest_route=\/wp\/v2\/product\/2623","targetHints":{"allow":["GET"]}}],"collection":[{"href":"https:\/\/akmenesmedelynas.lt\/index.php?rest_route=\/wp\/v2\/product"}],"about":[{"href":"https:\/\/akmenesmedelynas.lt\/index.php?rest_route=\/wp\/v2\/types\/product"}],"replies":[{"embeddable":true,"href":"https:\/\/akmenesmedelynas.lt\/index.php?rest_route=%2Fwp%2Fv2%2Fcomments&post=2623"}],"version-history":[{"count":1,"href":"https:\/\/akmenesmedelynas.lt\/index.php?rest_route=\/wp\/v2\/product\/2623\/revisions"}],"predecessor-version":[{"id":2625,"href":"https:\/\/akmenesmedelynas.lt\/index.php?rest_route=\/wp\/v2\/product\/2623\/revisions\/2625"}],"wp:featuredmedia":[{"embeddable":true,"href":"https:\/\/akmenesmedelynas.lt\/index.php?rest_route=\/wp\/v2\/media\/2624"}],"wp:attachment":[{"href":"https:\/\/akmenesmedelynas.lt\/index.php?rest_route=%2Fwp%2Fv2%2Fmedia&parent=2623"}],"curies":[{"name":"wp","href":"https:\/\/api.w.org\/{rel}","templated":true}]}}