{"id":2470,"date":"2021-04-24T16:28:14","date_gmt":"2021-04-24T16:28:14","guid":{"rendered":"https:\/\/akmenesmedelynas.lt\/?post_type=product&#038;p=2470"},"modified":"2021-09-04T10:38:05","modified_gmt":"2021-09-04T10:38:05","slug":"rusbol-besekle","status":"publish","type":"product","link":"https:\/\/akmenesmedelynas.lt\/?product=rusbol-besekle","title":{"rendered":"Rusbol (bes\u0117kl\u0117)"},"content":{"rendered":"","protected":false},"excerpt":{"rendered":"<p>Ankstyva, nereikli, bes\u0117kle vynuogi\u0173 veisl\u0117. Kek\u0117s labai didel\u0117s ( 400-600g., da\u017enai iki 1kg). Labai derlinga, tod\u0117l b\u016btina pa\u0161altinti nereikalingus \u017eiedynus ir neisivys\u010diusius \u016bglius. Vaisius pradeda duoti 2-3 metais. Atsparumas \u0161al\u010diui -25\u00b0C. Veisl\u0117 atspari \u0161al\u010diui ir ligoms. Savidulk\u0117.<\/p>\n","protected":false},"featured_media":2471,"comment_status":"open","ping_status":"closed","template":"","meta":[],"class_list":{"0":"post-2470","1":"product","2":"type-product","3":"status-publish","4":"has-post-thumbnail","6":"product_cat-vynuoges","8":"first","9":"outofstock","10":"shipping-taxable","11":"product-type-simple"},"yoast_head":"<!-- This site is optimized with the Yoast SEO plugin v16.0.2 - https:\/\/yoast.com\/wordpress\/plugins\/seo\/ -->\n<title>Rusbol (bes\u0117kl\u0117) - Akmen\u0117s medelynas<\/title>\n<link rel=\"canonical\" href=\"https:\/\/akmenesmedelynas.lt\/?product=rusbol-besekle\" \/>\n<meta property=\"og:locale\" content=\"lt_LT\" \/>\n<meta property=\"og:type\" content=\"article\" \/>\n<meta property=\"og:title\" content=\"Rusbol (bes\u0117kl\u0117) - Akmen\u0117s medelynas\" \/>\n<meta property=\"og:description\" content=\"Ankstyva, nereikli, bes\u0117kle vynuogi\u0173 veisl\u0117. Kek\u0117s labai didel\u0117s ( 400-600g., da\u017enai iki 1kg). Labai derlinga, tod\u0117l b\u016btina pa\u0161altinti nereikalingus \u017eiedynus ir neisivys\u010diusius \u016bglius. Vaisius pradeda duoti 2-3 metais. Atsparumas \u0161al\u010diui -25\u00b0C. Veisl\u0117 atspari \u0161al\u010diui ir ligoms. Savidulk\u0117.\" \/>\n<meta property=\"og:url\" content=\"https:\/\/akmenesmedelynas.lt\/?product=rusbol-besekle\" \/>\n<meta property=\"og:site_name\" content=\"Akmen\u0117s medelynas\" \/>\n<meta property=\"article:modified_time\" content=\"2021-09-04T10:38:05+00:00\" \/>\n<meta property=\"og:image\" content=\"https:\/\/akmenesmedelynas.lt\/wp-content\/uploads\/2021\/04\/rusbol.jpeg\" \/>\n\t<meta property=\"og:image:width\" content=\"512\" \/>\n\t<meta property=\"og:image:height\" content=\"512\" \/>\n<meta name=\"twitter:card\" content=\"summary_large_image\" \/>\n<script type=\"application\/ld+json\" class=\"yoast-schema-graph\">{\"@context\":\"https:\/\/schema.org\",\"@graph\":[{\"@type\":\"Organization\",\"@id\":\"https:\/\/akmenesmedelynas.lt\/#organization\",\"name\":\"Akmen\\u0117s medelynas\",\"url\":\"https:\/\/akmenesmedelynas.lt\/\",\"sameAs\":[],\"logo\":{\"@type\":\"ImageObject\",\"@id\":\"https:\/\/akmenesmedelynas.lt\/#logo\",\"inLanguage\":\"lt-LT\",\"url\":\"https:\/\/akmenesmedelynas.lt\/wp-content\/uploads\/2021\/03\/Akmene\\u0307s-medelynas-Logo-5.png\",\"width\":1500,\"height\":1500,\"caption\":\"Akmen\\u0117s medelynas\"},\"image\":{\"@id\":\"https:\/\/akmenesmedelynas.lt\/#logo\"}},{\"@type\":\"WebSite\",\"@id\":\"https:\/\/akmenesmedelynas.lt\/#website\",\"url\":\"https:\/\/akmenesmedelynas.lt\/\",\"name\":\"Akmen\\u0117s medelynas\",\"description\":\"\",\"publisher\":{\"@id\":\"https:\/\/akmenesmedelynas.lt\/#organization\"},\"potentialAction\":[{\"@type\":\"SearchAction\",\"target\":\"https:\/\/akmenesmedelynas.lt\/?s={search_term_string}\",\"query-input\":\"required name=search_term_string\"}],\"inLanguage\":\"lt-LT\"},{\"@type\":\"ImageObject\",\"@id\":\"https:\/\/akmenesmedelynas.lt\/?product=rusbol-besekle#primaryimage\",\"inLanguage\":\"lt-LT\",\"url\":\"https:\/\/akmenesmedelynas.lt\/wp-content\/uploads\/2021\/04\/rusbol.jpeg\",\"width\":512,\"height\":512},{\"@type\":\"WebPage\",\"@id\":\"https:\/\/akmenesmedelynas.lt\/?product=rusbol-besekle#webpage\",\"url\":\"https:\/\/akmenesmedelynas.lt\/?product=rusbol-besekle\",\"name\":\"Rusbol (bes\\u0117kl\\u0117) - Akmen\\u0117s medelynas\",\"isPartOf\":{\"@id\":\"https:\/\/akmenesmedelynas.lt\/#website\"},\"primaryImageOfPage\":{\"@id\":\"https:\/\/akmenesmedelynas.lt\/?product=rusbol-besekle#primaryimage\"},\"datePublished\":\"2021-04-24T16:28:14+00:00\",\"dateModified\":\"2021-09-04T10:38:05+00:00\",\"breadcrumb\":{\"@id\":\"https:\/\/akmenesmedelynas.lt\/?product=rusbol-besekle#breadcrumb\"},\"inLanguage\":\"lt-LT\",\"potentialAction\":[{\"@type\":\"ReadAction\",\"target\":[\"https:\/\/akmenesmedelynas.lt\/?product=rusbol-besekle\"]}]},{\"@type\":\"BreadcrumbList\",\"@id\":\"https:\/\/akmenesmedelynas.lt\/?product=rusbol-besekle#breadcrumb\",\"itemListElement\":[{\"@type\":\"ListItem\",\"position\":1,\"item\":{\"@type\":\"WebPage\",\"@id\":\"https:\/\/akmenesmedelynas.lt\/\",\"url\":\"https:\/\/akmenesmedelynas.lt\/\",\"name\":\"Home\"}},{\"@type\":\"ListItem\",\"position\":2,\"item\":{\"@type\":\"WebPage\",\"@id\":\"https:\/\/akmenesmedelynas.lt\/?post_type=product\",\"url\":\"https:\/\/akmenesmedelynas.lt\/?post_type=product\",\"name\":\"Produktai\"}},{\"@type\":\"ListItem\",\"position\":3,\"item\":{\"@type\":\"WebPage\",\"@id\":\"https:\/\/akmenesmedelynas.lt\/?product=rusbol-besekle\",\"url\":\"https:\/\/akmenesmedelynas.lt\/?product=rusbol-besekle\",\"name\":\"Rusbol (bes\\u0117kl\\u0117)\"}}]}]}<\/script>\n<!-- \/ Yoast SEO plugin. -->","_links":{"self":[{"href":"https:\/\/akmenesmedelynas.lt\/index.php?rest_route=\/wp\/v2\/product\/2470","targetHints":{"allow":["GET"]}}],"collection":[{"href":"https:\/\/akmenesmedelynas.lt\/index.php?rest_route=\/wp\/v2\/product"}],"about":[{"href":"https:\/\/akmenesmedelynas.lt\/index.php?rest_route=\/wp\/v2\/types\/product"}],"replies":[{"embeddable":true,"href":"https:\/\/akmenesmedelynas.lt\/index.php?rest_route=%2Fwp%2Fv2%2Fcomments&post=2470"}],"version-history":[{"count":1,"href":"https:\/\/akmenesmedelynas.lt\/index.php?rest_route=\/wp\/v2\/product\/2470\/revisions"}],"predecessor-version":[{"id":2472,"href":"https:\/\/akmenesmedelynas.lt\/index.php?rest_route=\/wp\/v2\/product\/2470\/revisions\/2472"}],"wp:featuredmedia":[{"embeddable":true,"href":"https:\/\/akmenesmedelynas.lt\/index.php?rest_route=\/wp\/v2\/media\/2471"}],"wp:attachment":[{"href":"https:\/\/akmenesmedelynas.lt\/index.php?rest_route=%2Fwp%2Fv2%2Fmedia&parent=2470"}],"curies":[{"name":"wp","href":"https:\/\/api.w.org\/{rel}","templated":true}]}}