{"id":2441,"date":"2021-04-09T18:30:06","date_gmt":"2021-04-09T18:30:06","guid":{"rendered":"https:\/\/akmenesmedelynas.lt\/?post_type=product&#038;p=2441"},"modified":"2023-03-27T15:23:13","modified_gmt":"2023-03-27T15:23:13","slug":"maypole-kolonine","status":"publish","type":"product","link":"https:\/\/akmenesmedelynas.lt\/?product=maypole-kolonine","title":{"rendered":"Maypole (kolonin\u0117)"},"content":{"rendered":"","protected":false},"excerpt":{"rendered":"<p>Rudenini\u0173 kolonini\u0173 obel\u0173 veisl\u0117, kuri pasi\u017eymi nepaprastu dekoratyvumu. Obels nuostab\u016bs ro\u017einiai \u017eiedai pradeda \u017eyd\u0117ti gegu\u017e\u0119 ir vis\u0105 m\u0117nes\u012f d\u017eiugina aromatu ir nepaprastu \u017eied\u0173 gro\u017eiu. Skleid\u017eia ypating\u0105 malon\u0173 kvap\u0105 pavasar\u012f ir d\u017eiugina ak\u012f \u017eiedais, v\u0117liau ry\u0161kiai bordiniais vaisiais iki pat rudens. Obuoliai yra smulk\u016bs, labiau tinkami perdirbimui arba kas m\u0117gsta r\u016bg\u0161tesnius oboliukus, gali vartoti ir \u017ealius.<\/p>\n","protected":false},"featured_media":2442,"comment_status":"open","ping_status":"closed","template":"","meta":[],"class_list":{"0":"post-2441","1":"product","2":"type-product","3":"status-publish","4":"has-post-thumbnail","6":"product_cat-rojaus-obelys","8":"first","9":"instock","10":"shipping-taxable","11":"product-type-simple"},"yoast_head":"<!-- This site is optimized with the Yoast SEO plugin v16.0.2 - https:\/\/yoast.com\/wordpress\/plugins\/seo\/ -->\n<title>Maypole (kolonin\u0117) - Akmen\u0117s medelynas<\/title>\n<link rel=\"canonical\" href=\"https:\/\/akmenesmedelynas.lt\/?product=maypole-kolonine\" \/>\n<meta property=\"og:locale\" content=\"lt_LT\" \/>\n<meta property=\"og:type\" content=\"article\" \/>\n<meta property=\"og:title\" content=\"Maypole (kolonin\u0117) - Akmen\u0117s medelynas\" \/>\n<meta property=\"og:description\" content=\"Rudenini\u0173 kolonini\u0173 obel\u0173 veisl\u0117, kuri pasi\u017eymi nepaprastu dekoratyvumu. Obels nuostab\u016bs ro\u017einiai \u017eiedai pradeda \u017eyd\u0117ti gegu\u017e\u0119 ir vis\u0105 m\u0117nes\u012f d\u017eiugina aromatu ir nepaprastu \u017eied\u0173 gro\u017eiu. Skleid\u017eia ypating\u0105 malon\u0173 kvap\u0105 pavasar\u012f ir d\u017eiugina ak\u012f \u017eiedais, v\u0117liau ry\u0161kiai bordiniais vaisiais iki pat rudens. Obuoliai yra smulk\u016bs, labiau tinkami perdirbimui arba kas m\u0117gsta r\u016bg\u0161tesnius oboliukus, gali vartoti ir \u017ealius.\" \/>\n<meta property=\"og:url\" content=\"https:\/\/akmenesmedelynas.lt\/?product=maypole-kolonine\" \/>\n<meta property=\"og:site_name\" content=\"Akmen\u0117s medelynas\" \/>\n<meta property=\"article:modified_time\" content=\"2023-03-27T15:23:13+00:00\" \/>\n<meta property=\"og:image\" content=\"https:\/\/akmenesmedelynas.lt\/wp-content\/uploads\/2021\/04\/image-2.png\" \/>\n\t<meta property=\"og:image:width\" content=\"700\" \/>\n\t<meta property=\"og:image:height\" content=\"343\" \/>\n<meta name=\"twitter:card\" content=\"summary_large_image\" \/>\n<script type=\"application\/ld+json\" class=\"yoast-schema-graph\">{\"@context\":\"https:\/\/schema.org\",\"@graph\":[{\"@type\":\"Organization\",\"@id\":\"https:\/\/akmenesmedelynas.lt\/#organization\",\"name\":\"Akmen\\u0117s medelynas\",\"url\":\"https:\/\/akmenesmedelynas.lt\/\",\"sameAs\":[],\"logo\":{\"@type\":\"ImageObject\",\"@id\":\"https:\/\/akmenesmedelynas.lt\/#logo\",\"inLanguage\":\"lt-LT\",\"url\":\"https:\/\/akmenesmedelynas.lt\/wp-content\/uploads\/2021\/03\/Akmene\\u0307s-medelynas-Logo-5.png\",\"width\":1500,\"height\":1500,\"caption\":\"Akmen\\u0117s medelynas\"},\"image\":{\"@id\":\"https:\/\/akmenesmedelynas.lt\/#logo\"}},{\"@type\":\"WebSite\",\"@id\":\"https:\/\/akmenesmedelynas.lt\/#website\",\"url\":\"https:\/\/akmenesmedelynas.lt\/\",\"name\":\"Akmen\\u0117s medelynas\",\"description\":\"\",\"publisher\":{\"@id\":\"https:\/\/akmenesmedelynas.lt\/#organization\"},\"potentialAction\":[{\"@type\":\"SearchAction\",\"target\":\"https:\/\/akmenesmedelynas.lt\/?s={search_term_string}\",\"query-input\":\"required name=search_term_string\"}],\"inLanguage\":\"lt-LT\"},{\"@type\":\"ImageObject\",\"@id\":\"https:\/\/akmenesmedelynas.lt\/?product=maypole-kolonine#primaryimage\",\"inLanguage\":\"lt-LT\",\"url\":\"https:\/\/akmenesmedelynas.lt\/wp-content\/uploads\/2021\/04\/image-2.png\",\"width\":700,\"height\":343},{\"@type\":\"WebPage\",\"@id\":\"https:\/\/akmenesmedelynas.lt\/?product=maypole-kolonine#webpage\",\"url\":\"https:\/\/akmenesmedelynas.lt\/?product=maypole-kolonine\",\"name\":\"Maypole (kolonin\\u0117) - Akmen\\u0117s medelynas\",\"isPartOf\":{\"@id\":\"https:\/\/akmenesmedelynas.lt\/#website\"},\"primaryImageOfPage\":{\"@id\":\"https:\/\/akmenesmedelynas.lt\/?product=maypole-kolonine#primaryimage\"},\"datePublished\":\"2021-04-09T18:30:06+00:00\",\"dateModified\":\"2023-03-27T15:23:13+00:00\",\"breadcrumb\":{\"@id\":\"https:\/\/akmenesmedelynas.lt\/?product=maypole-kolonine#breadcrumb\"},\"inLanguage\":\"lt-LT\",\"potentialAction\":[{\"@type\":\"ReadAction\",\"target\":[\"https:\/\/akmenesmedelynas.lt\/?product=maypole-kolonine\"]}]},{\"@type\":\"BreadcrumbList\",\"@id\":\"https:\/\/akmenesmedelynas.lt\/?product=maypole-kolonine#breadcrumb\",\"itemListElement\":[{\"@type\":\"ListItem\",\"position\":1,\"item\":{\"@type\":\"WebPage\",\"@id\":\"https:\/\/akmenesmedelynas.lt\/\",\"url\":\"https:\/\/akmenesmedelynas.lt\/\",\"name\":\"Home\"}},{\"@type\":\"ListItem\",\"position\":2,\"item\":{\"@type\":\"WebPage\",\"@id\":\"https:\/\/akmenesmedelynas.lt\/?post_type=product\",\"url\":\"https:\/\/akmenesmedelynas.lt\/?post_type=product\",\"name\":\"Produktai\"}},{\"@type\":\"ListItem\",\"position\":3,\"item\":{\"@type\":\"WebPage\",\"@id\":\"https:\/\/akmenesmedelynas.lt\/?product=maypole-kolonine\",\"url\":\"https:\/\/akmenesmedelynas.lt\/?product=maypole-kolonine\",\"name\":\"Maypole (kolonin\\u0117)\"}}]}]}<\/script>\n<!-- \/ Yoast SEO plugin. -->","_links":{"self":[{"href":"https:\/\/akmenesmedelynas.lt\/index.php?rest_route=\/wp\/v2\/product\/2441","targetHints":{"allow":["GET"]}}],"collection":[{"href":"https:\/\/akmenesmedelynas.lt\/index.php?rest_route=\/wp\/v2\/product"}],"about":[{"href":"https:\/\/akmenesmedelynas.lt\/index.php?rest_route=\/wp\/v2\/types\/product"}],"replies":[{"embeddable":true,"href":"https:\/\/akmenesmedelynas.lt\/index.php?rest_route=%2Fwp%2Fv2%2Fcomments&post=2441"}],"version-history":[{"count":1,"href":"https:\/\/akmenesmedelynas.lt\/index.php?rest_route=\/wp\/v2\/product\/2441\/revisions"}],"predecessor-version":[{"id":2443,"href":"https:\/\/akmenesmedelynas.lt\/index.php?rest_route=\/wp\/v2\/product\/2441\/revisions\/2443"}],"wp:featuredmedia":[{"embeddable":true,"href":"https:\/\/akmenesmedelynas.lt\/index.php?rest_route=\/wp\/v2\/media\/2442"}],"wp:attachment":[{"href":"https:\/\/akmenesmedelynas.lt\/index.php?rest_route=%2Fwp%2Fv2%2Fmedia&parent=2441"}],"curies":[{"name":"wp","href":"https:\/\/api.w.org\/{rel}","templated":true}]}}