{"id":2404,"date":"2021-04-08T18:35:27","date_gmt":"2021-04-08T18:35:27","guid":{"rendered":"https:\/\/akmenesmedelynas.lt\/?post_type=product&#038;p=2404"},"modified":"2023-04-06T15:25:15","modified_gmt":"2023-04-06T15:25:15","slug":"early-orange","status":"publish","type":"product","link":"https:\/\/akmenesmedelynas.lt\/?product=early-orange","title":{"rendered":"Early Orange"},"content":{"rendered":"","protected":false},"excerpt":{"rendered":"<p>Ankstyva abrikos\u0173 veisl\u0117, sunoksta liepos pabaigoje. Vaisiai vidutinio dyd\u017eio (40-60 g),\u00a0labai gra\u017e\u016bs, intensyviai raudonu \u0161onu, aromatingi, \u00a0mink\u0161timas oran\u017ein\u0117s spalvos, sultingas, saldus. Labai skan\u016bs vaisiai.\u00a0Atspari \u0161al\u010diams.<\/p>\n","protected":false},"featured_media":2405,"comment_status":"open","ping_status":"closed","template":"","meta":[],"class_list":{"0":"post-2404","1":"product","2":"type-product","3":"status-publish","4":"has-post-thumbnail","6":"product_cat-abrikosai","8":"first","9":"instock","10":"shipping-taxable","11":"product-type-simple"},"yoast_head":"<!-- This site is optimized with the Yoast SEO plugin v16.0.2 - https:\/\/yoast.com\/wordpress\/plugins\/seo\/ -->\n<title>Early Orange - Akmen\u0117s medelynas<\/title>\n<link rel=\"canonical\" href=\"https:\/\/akmenesmedelynas.lt\/?product=early-orange\" \/>\n<meta property=\"og:locale\" content=\"lt_LT\" \/>\n<meta property=\"og:type\" content=\"article\" \/>\n<meta property=\"og:title\" content=\"Early Orange - Akmen\u0117s medelynas\" \/>\n<meta property=\"og:description\" content=\"Ankstyva abrikos\u0173 veisl\u0117, sunoksta liepos pabaigoje. Vaisiai vidutinio dyd\u017eio (40-60 g),\u00a0labai gra\u017e\u016bs, intensyviai raudonu \u0161onu, aromatingi, \u00a0mink\u0161timas oran\u017ein\u0117s spalvos, sultingas, saldus. Labai skan\u016bs vaisiai.\u00a0Atspari \u0161al\u010diams.\" \/>\n<meta property=\"og:url\" content=\"https:\/\/akmenesmedelynas.lt\/?product=early-orange\" \/>\n<meta property=\"og:site_name\" content=\"Akmen\u0117s medelynas\" \/>\n<meta property=\"article:modified_time\" content=\"2023-04-06T15:25:15+00:00\" \/>\n<meta property=\"og:image\" content=\"https:\/\/akmenesmedelynas.lt\/wp-content\/uploads\/2021\/04\/earlyorange-e1617906974302.jpg\" \/>\n\t<meta property=\"og:image:width\" content=\"1101\" \/>\n\t<meta property=\"og:image:height\" content=\"959\" \/>\n<meta name=\"twitter:card\" content=\"summary_large_image\" \/>\n<script type=\"application\/ld+json\" class=\"yoast-schema-graph\">{\"@context\":\"https:\/\/schema.org\",\"@graph\":[{\"@type\":\"Organization\",\"@id\":\"https:\/\/akmenesmedelynas.lt\/#organization\",\"name\":\"Akmen\\u0117s medelynas\",\"url\":\"https:\/\/akmenesmedelynas.lt\/\",\"sameAs\":[],\"logo\":{\"@type\":\"ImageObject\",\"@id\":\"https:\/\/akmenesmedelynas.lt\/#logo\",\"inLanguage\":\"lt-LT\",\"url\":\"https:\/\/akmenesmedelynas.lt\/wp-content\/uploads\/2021\/03\/Akmene\\u0307s-medelynas-Logo-5.png\",\"width\":1500,\"height\":1500,\"caption\":\"Akmen\\u0117s medelynas\"},\"image\":{\"@id\":\"https:\/\/akmenesmedelynas.lt\/#logo\"}},{\"@type\":\"WebSite\",\"@id\":\"https:\/\/akmenesmedelynas.lt\/#website\",\"url\":\"https:\/\/akmenesmedelynas.lt\/\",\"name\":\"Akmen\\u0117s medelynas\",\"description\":\"\",\"publisher\":{\"@id\":\"https:\/\/akmenesmedelynas.lt\/#organization\"},\"potentialAction\":[{\"@type\":\"SearchAction\",\"target\":\"https:\/\/akmenesmedelynas.lt\/?s={search_term_string}\",\"query-input\":\"required name=search_term_string\"}],\"inLanguage\":\"lt-LT\"},{\"@type\":\"ImageObject\",\"@id\":\"https:\/\/akmenesmedelynas.lt\/?product=early-orange#primaryimage\",\"inLanguage\":\"lt-LT\",\"url\":\"https:\/\/akmenesmedelynas.lt\/wp-content\/uploads\/2021\/04\/earlyorange-e1617906974302.jpg\",\"width\":1101,\"height\":959},{\"@type\":\"WebPage\",\"@id\":\"https:\/\/akmenesmedelynas.lt\/?product=early-orange#webpage\",\"url\":\"https:\/\/akmenesmedelynas.lt\/?product=early-orange\",\"name\":\"Early Orange - Akmen\\u0117s medelynas\",\"isPartOf\":{\"@id\":\"https:\/\/akmenesmedelynas.lt\/#website\"},\"primaryImageOfPage\":{\"@id\":\"https:\/\/akmenesmedelynas.lt\/?product=early-orange#primaryimage\"},\"datePublished\":\"2021-04-08T18:35:27+00:00\",\"dateModified\":\"2023-04-06T15:25:15+00:00\",\"breadcrumb\":{\"@id\":\"https:\/\/akmenesmedelynas.lt\/?product=early-orange#breadcrumb\"},\"inLanguage\":\"lt-LT\",\"potentialAction\":[{\"@type\":\"ReadAction\",\"target\":[\"https:\/\/akmenesmedelynas.lt\/?product=early-orange\"]}]},{\"@type\":\"BreadcrumbList\",\"@id\":\"https:\/\/akmenesmedelynas.lt\/?product=early-orange#breadcrumb\",\"itemListElement\":[{\"@type\":\"ListItem\",\"position\":1,\"item\":{\"@type\":\"WebPage\",\"@id\":\"https:\/\/akmenesmedelynas.lt\/\",\"url\":\"https:\/\/akmenesmedelynas.lt\/\",\"name\":\"Home\"}},{\"@type\":\"ListItem\",\"position\":2,\"item\":{\"@type\":\"WebPage\",\"@id\":\"https:\/\/akmenesmedelynas.lt\/?post_type=product\",\"url\":\"https:\/\/akmenesmedelynas.lt\/?post_type=product\",\"name\":\"Produktai\"}},{\"@type\":\"ListItem\",\"position\":3,\"item\":{\"@type\":\"WebPage\",\"@id\":\"https:\/\/akmenesmedelynas.lt\/?product=early-orange\",\"url\":\"https:\/\/akmenesmedelynas.lt\/?product=early-orange\",\"name\":\"Early Orange\"}}]}]}<\/script>\n<!-- \/ Yoast SEO plugin. -->","_links":{"self":[{"href":"https:\/\/akmenesmedelynas.lt\/index.php?rest_route=\/wp\/v2\/product\/2404","targetHints":{"allow":["GET"]}}],"collection":[{"href":"https:\/\/akmenesmedelynas.lt\/index.php?rest_route=\/wp\/v2\/product"}],"about":[{"href":"https:\/\/akmenesmedelynas.lt\/index.php?rest_route=\/wp\/v2\/types\/product"}],"replies":[{"embeddable":true,"href":"https:\/\/akmenesmedelynas.lt\/index.php?rest_route=%2Fwp%2Fv2%2Fcomments&post=2404"}],"version-history":[{"count":1,"href":"https:\/\/akmenesmedelynas.lt\/index.php?rest_route=\/wp\/v2\/product\/2404\/revisions"}],"predecessor-version":[{"id":2406,"href":"https:\/\/akmenesmedelynas.lt\/index.php?rest_route=\/wp\/v2\/product\/2404\/revisions\/2406"}],"wp:featuredmedia":[{"embeddable":true,"href":"https:\/\/akmenesmedelynas.lt\/index.php?rest_route=\/wp\/v2\/media\/2405"}],"wp:attachment":[{"href":"https:\/\/akmenesmedelynas.lt\/index.php?rest_route=%2Fwp%2Fv2%2Fmedia&parent=2404"}],"curies":[{"name":"wp","href":"https:\/\/api.w.org\/{rel}","templated":true}]}}