{"id":2343,"date":"2021-04-06T18:31:26","date_gmt":"2021-04-06T18:31:26","guid":{"rendered":"https:\/\/akmenesmedelynas.lt\/?post_type=product&#038;p=2343"},"modified":"2022-10-15T13:58:53","modified_gmt":"2022-10-15T13:58:53","slug":"berzininku-ananasas","status":"publish","type":"product","link":"https:\/\/akmenesmedelynas.lt\/?product=berzininku-ananasas","title":{"rendered":"Ber\u017einink\u0173 ananasas"},"content":{"rendered":"","protected":false},"excerpt":{"rendered":"<p>Kilm\u0117: Lietuva.<\/p>\n<p>Rudenin\u0117<em>\u00a0<\/em>obel\u0173 veisl\u0117. Vaisiai skinami rugpj\u016b\u010dio pabaigoje \u2013 rugs\u0117jo prad\u017eioje,\u00a0i\u0161silaiko iki gruod\u017eio m\u0117nesio.<\/p>\n<p>Vaisiai\u00a0gra\u017eios i\u0161vaizdos, stamb\u016bs arba labai stamb\u016bs, apvaliai k\u016bgi\u0161ki, \u0161iek tiek briaunoti, odel\u0117 storoka, \u017ealsvai geltona, o prinokusi\u0173 \u2013 geltona, saul\u0117s ap\u0161viestoje pus\u0117je \u2013 \u0161velniai oran\u017ein\u0117.<\/p>\n","protected":false},"featured_media":2344,"comment_status":"open","ping_status":"closed","template":"","meta":[],"class_list":{"0":"post-2343","1":"product","2":"type-product","3":"status-publish","4":"has-post-thumbnail","6":"product_cat-obelys","7":"product_cat-rudenines","9":"first","10":"instock","11":"shipping-taxable","12":"product-type-simple"},"yoast_head":"<!-- This site is optimized with the Yoast SEO plugin v16.0.2 - https:\/\/yoast.com\/wordpress\/plugins\/seo\/ -->\n<title>Ber\u017einink\u0173 ananasas - Akmen\u0117s medelynas<\/title>\n<link rel=\"canonical\" href=\"https:\/\/akmenesmedelynas.lt\/?product=berzininku-ananasas\" \/>\n<meta property=\"og:locale\" content=\"lt_LT\" \/>\n<meta property=\"og:type\" content=\"article\" \/>\n<meta property=\"og:title\" content=\"Ber\u017einink\u0173 ananasas - Akmen\u0117s medelynas\" \/>\n<meta property=\"og:description\" content=\"Kilm\u0117: Lietuva.  Rudenin\u0117\u00a0obel\u0173 veisl\u0117. Vaisiai skinami rugpj\u016b\u010dio pabaigoje \u2013 rugs\u0117jo prad\u017eioje,\u00a0i\u0161silaiko iki gruod\u017eio m\u0117nesio.  Vaisiai\u00a0gra\u017eios i\u0161vaizdos, stamb\u016bs arba labai stamb\u016bs, apvaliai k\u016bgi\u0161ki, \u0161iek tiek briaunoti, odel\u0117 storoka, \u017ealsvai geltona, o prinokusi\u0173 \u2013 geltona, saul\u0117s ap\u0161viestoje pus\u0117je \u2013 \u0161velniai oran\u017ein\u0117.\" \/>\n<meta property=\"og:url\" content=\"https:\/\/akmenesmedelynas.lt\/?product=berzininku-ananasas\" \/>\n<meta property=\"og:site_name\" content=\"Akmen\u0117s medelynas\" \/>\n<meta property=\"article:modified_time\" content=\"2022-10-15T13:58:53+00:00\" \/>\n<meta property=\"og:image\" content=\"https:\/\/akmenesmedelynas.lt\/wp-content\/uploads\/2021\/04\/berzininku.jpg\" \/>\n\t<meta property=\"og:image:width\" content=\"878\" \/>\n\t<meta property=\"og:image:height\" content=\"831\" \/>\n<meta name=\"twitter:card\" content=\"summary_large_image\" \/>\n<script type=\"application\/ld+json\" class=\"yoast-schema-graph\">{\"@context\":\"https:\/\/schema.org\",\"@graph\":[{\"@type\":\"Organization\",\"@id\":\"https:\/\/akmenesmedelynas.lt\/#organization\",\"name\":\"Akmen\\u0117s medelynas\",\"url\":\"https:\/\/akmenesmedelynas.lt\/\",\"sameAs\":[],\"logo\":{\"@type\":\"ImageObject\",\"@id\":\"https:\/\/akmenesmedelynas.lt\/#logo\",\"inLanguage\":\"lt-LT\",\"url\":\"https:\/\/akmenesmedelynas.lt\/wp-content\/uploads\/2021\/03\/Akmene\\u0307s-medelynas-Logo-5.png\",\"width\":1500,\"height\":1500,\"caption\":\"Akmen\\u0117s medelynas\"},\"image\":{\"@id\":\"https:\/\/akmenesmedelynas.lt\/#logo\"}},{\"@type\":\"WebSite\",\"@id\":\"https:\/\/akmenesmedelynas.lt\/#website\",\"url\":\"https:\/\/akmenesmedelynas.lt\/\",\"name\":\"Akmen\\u0117s medelynas\",\"description\":\"\",\"publisher\":{\"@id\":\"https:\/\/akmenesmedelynas.lt\/#organization\"},\"potentialAction\":[{\"@type\":\"SearchAction\",\"target\":\"https:\/\/akmenesmedelynas.lt\/?s={search_term_string}\",\"query-input\":\"required name=search_term_string\"}],\"inLanguage\":\"lt-LT\"},{\"@type\":\"ImageObject\",\"@id\":\"https:\/\/akmenesmedelynas.lt\/?product=berzininku-ananasas#primaryimage\",\"inLanguage\":\"lt-LT\",\"url\":\"https:\/\/akmenesmedelynas.lt\/wp-content\/uploads\/2021\/04\/berzininku.jpg\",\"width\":878,\"height\":831},{\"@type\":\"WebPage\",\"@id\":\"https:\/\/akmenesmedelynas.lt\/?product=berzininku-ananasas#webpage\",\"url\":\"https:\/\/akmenesmedelynas.lt\/?product=berzininku-ananasas\",\"name\":\"Ber\\u017einink\\u0173 ananasas - Akmen\\u0117s medelynas\",\"isPartOf\":{\"@id\":\"https:\/\/akmenesmedelynas.lt\/#website\"},\"primaryImageOfPage\":{\"@id\":\"https:\/\/akmenesmedelynas.lt\/?product=berzininku-ananasas#primaryimage\"},\"datePublished\":\"2021-04-06T18:31:26+00:00\",\"dateModified\":\"2022-10-15T13:58:53+00:00\",\"breadcrumb\":{\"@id\":\"https:\/\/akmenesmedelynas.lt\/?product=berzininku-ananasas#breadcrumb\"},\"inLanguage\":\"lt-LT\",\"potentialAction\":[{\"@type\":\"ReadAction\",\"target\":[\"https:\/\/akmenesmedelynas.lt\/?product=berzininku-ananasas\"]}]},{\"@type\":\"BreadcrumbList\",\"@id\":\"https:\/\/akmenesmedelynas.lt\/?product=berzininku-ananasas#breadcrumb\",\"itemListElement\":[{\"@type\":\"ListItem\",\"position\":1,\"item\":{\"@type\":\"WebPage\",\"@id\":\"https:\/\/akmenesmedelynas.lt\/\",\"url\":\"https:\/\/akmenesmedelynas.lt\/\",\"name\":\"Home\"}},{\"@type\":\"ListItem\",\"position\":2,\"item\":{\"@type\":\"WebPage\",\"@id\":\"https:\/\/akmenesmedelynas.lt\/?post_type=product\",\"url\":\"https:\/\/akmenesmedelynas.lt\/?post_type=product\",\"name\":\"Produktai\"}},{\"@type\":\"ListItem\",\"position\":3,\"item\":{\"@type\":\"WebPage\",\"@id\":\"https:\/\/akmenesmedelynas.lt\/?product=berzininku-ananasas\",\"url\":\"https:\/\/akmenesmedelynas.lt\/?product=berzininku-ananasas\",\"name\":\"Ber\\u017einink\\u0173 ananasas\"}}]}]}<\/script>\n<!-- \/ Yoast SEO plugin. -->","_links":{"self":[{"href":"https:\/\/akmenesmedelynas.lt\/index.php?rest_route=\/wp\/v2\/product\/2343","targetHints":{"allow":["GET"]}}],"collection":[{"href":"https:\/\/akmenesmedelynas.lt\/index.php?rest_route=\/wp\/v2\/product"}],"about":[{"href":"https:\/\/akmenesmedelynas.lt\/index.php?rest_route=\/wp\/v2\/types\/product"}],"replies":[{"embeddable":true,"href":"https:\/\/akmenesmedelynas.lt\/index.php?rest_route=%2Fwp%2Fv2%2Fcomments&post=2343"}],"version-history":[{"count":1,"href":"https:\/\/akmenesmedelynas.lt\/index.php?rest_route=\/wp\/v2\/product\/2343\/revisions"}],"predecessor-version":[{"id":2345,"href":"https:\/\/akmenesmedelynas.lt\/index.php?rest_route=\/wp\/v2\/product\/2343\/revisions\/2345"}],"wp:featuredmedia":[{"embeddable":true,"href":"https:\/\/akmenesmedelynas.lt\/index.php?rest_route=\/wp\/v2\/media\/2344"}],"wp:attachment":[{"href":"https:\/\/akmenesmedelynas.lt\/index.php?rest_route=%2Fwp%2Fv2%2Fmedia&parent=2343"}],"curies":[{"name":"wp","href":"https:\/\/api.w.org\/{rel}","templated":true}]}}