{"id":2300,"date":"2021-04-05T18:14:36","date_gmt":"2021-04-05T18:14:36","guid":{"rendered":"https:\/\/akmenesmedelynas.lt\/?post_type=product&#038;p=2300"},"modified":"2021-08-31T15:12:44","modified_gmt":"2021-08-31T15:12:44","slug":"new-york-muscat","status":"publish","type":"product","link":"https:\/\/akmenesmedelynas.lt\/?product=new-york-muscat","title":{"rendered":"New York Muscat"},"content":{"rendered":"","protected":false},"excerpt":{"rendered":"<p>Desertin\u0117 vynmed\u017ei\u0173 veisl\u0117. Labai derlinga. Uogos m\u0117lynos, apvalios, sald\u017eios, turi \u0161veln\u0173 muskato prieskon\u012f. Sunoksta rugs\u0117jo viduryje. Veisl\u0117 atspari \u0161al\u010diams ir ligoms.<strong>\u00a0<\/strong>Geriausiai auga puriuose priemoli\u0173 ir priesm\u0117li\u0173 dirvo\u017eemiuose. M\u0117gsta saul\u0117tas vietas.<\/p>\n","protected":false},"featured_media":2301,"comment_status":"open","ping_status":"closed","template":"","meta":[],"class_list":{"0":"post-2300","1":"product","2":"type-product","3":"status-publish","4":"has-post-thumbnail","6":"product_cat-vynuoges","8":"first","9":"outofstock","10":"shipping-taxable","11":"product-type-simple"},"yoast_head":"<!-- This site is optimized with the Yoast SEO plugin v16.0.2 - https:\/\/yoast.com\/wordpress\/plugins\/seo\/ -->\n<title>New York Muscat - Akmen\u0117s medelynas<\/title>\n<link rel=\"canonical\" href=\"https:\/\/akmenesmedelynas.lt\/?product=new-york-muscat\" \/>\n<meta property=\"og:locale\" content=\"lt_LT\" \/>\n<meta property=\"og:type\" content=\"article\" \/>\n<meta property=\"og:title\" content=\"New York Muscat - Akmen\u0117s medelynas\" \/>\n<meta property=\"og:description\" content=\"Desertin\u0117 vynmed\u017ei\u0173 veisl\u0117. Labai derlinga. Uogos m\u0117lynos, apvalios, sald\u017eios, turi \u0161veln\u0173 muskato prieskon\u012f. Sunoksta rugs\u0117jo viduryje. Veisl\u0117 atspari \u0161al\u010diams ir ligoms.\u00a0Geriausiai auga puriuose priemoli\u0173 ir priesm\u0117li\u0173 dirvo\u017eemiuose. M\u0117gsta saul\u0117tas vietas.\" \/>\n<meta property=\"og:url\" content=\"https:\/\/akmenesmedelynas.lt\/?product=new-york-muscat\" \/>\n<meta property=\"og:site_name\" content=\"Akmen\u0117s medelynas\" \/>\n<meta property=\"article:modified_time\" content=\"2021-08-31T15:12:44+00:00\" \/>\n<meta property=\"og:image\" content=\"https:\/\/akmenesmedelynas.lt\/wp-content\/uploads\/2021\/04\/muscat.png\" \/>\n\t<meta property=\"og:image:width\" content=\"276\" \/>\n\t<meta property=\"og:image:height\" content=\"257\" \/>\n<meta name=\"twitter:card\" content=\"summary_large_image\" \/>\n<script type=\"application\/ld+json\" class=\"yoast-schema-graph\">{\"@context\":\"https:\/\/schema.org\",\"@graph\":[{\"@type\":\"Organization\",\"@id\":\"https:\/\/akmenesmedelynas.lt\/#organization\",\"name\":\"Akmen\\u0117s medelynas\",\"url\":\"https:\/\/akmenesmedelynas.lt\/\",\"sameAs\":[],\"logo\":{\"@type\":\"ImageObject\",\"@id\":\"https:\/\/akmenesmedelynas.lt\/#logo\",\"inLanguage\":\"lt-LT\",\"url\":\"https:\/\/akmenesmedelynas.lt\/wp-content\/uploads\/2021\/03\/Akmene\\u0307s-medelynas-Logo-5.png\",\"width\":1500,\"height\":1500,\"caption\":\"Akmen\\u0117s medelynas\"},\"image\":{\"@id\":\"https:\/\/akmenesmedelynas.lt\/#logo\"}},{\"@type\":\"WebSite\",\"@id\":\"https:\/\/akmenesmedelynas.lt\/#website\",\"url\":\"https:\/\/akmenesmedelynas.lt\/\",\"name\":\"Akmen\\u0117s medelynas\",\"description\":\"\",\"publisher\":{\"@id\":\"https:\/\/akmenesmedelynas.lt\/#organization\"},\"potentialAction\":[{\"@type\":\"SearchAction\",\"target\":\"https:\/\/akmenesmedelynas.lt\/?s={search_term_string}\",\"query-input\":\"required name=search_term_string\"}],\"inLanguage\":\"lt-LT\"},{\"@type\":\"ImageObject\",\"@id\":\"https:\/\/akmenesmedelynas.lt\/?product=new-york-muscat#primaryimage\",\"inLanguage\":\"lt-LT\",\"url\":\"https:\/\/akmenesmedelynas.lt\/wp-content\/uploads\/2021\/04\/muscat.png\",\"width\":276,\"height\":257},{\"@type\":\"WebPage\",\"@id\":\"https:\/\/akmenesmedelynas.lt\/?product=new-york-muscat#webpage\",\"url\":\"https:\/\/akmenesmedelynas.lt\/?product=new-york-muscat\",\"name\":\"New York Muscat - Akmen\\u0117s medelynas\",\"isPartOf\":{\"@id\":\"https:\/\/akmenesmedelynas.lt\/#website\"},\"primaryImageOfPage\":{\"@id\":\"https:\/\/akmenesmedelynas.lt\/?product=new-york-muscat#primaryimage\"},\"datePublished\":\"2021-04-05T18:14:36+00:00\",\"dateModified\":\"2021-08-31T15:12:44+00:00\",\"breadcrumb\":{\"@id\":\"https:\/\/akmenesmedelynas.lt\/?product=new-york-muscat#breadcrumb\"},\"inLanguage\":\"lt-LT\",\"potentialAction\":[{\"@type\":\"ReadAction\",\"target\":[\"https:\/\/akmenesmedelynas.lt\/?product=new-york-muscat\"]}]},{\"@type\":\"BreadcrumbList\",\"@id\":\"https:\/\/akmenesmedelynas.lt\/?product=new-york-muscat#breadcrumb\",\"itemListElement\":[{\"@type\":\"ListItem\",\"position\":1,\"item\":{\"@type\":\"WebPage\",\"@id\":\"https:\/\/akmenesmedelynas.lt\/\",\"url\":\"https:\/\/akmenesmedelynas.lt\/\",\"name\":\"Home\"}},{\"@type\":\"ListItem\",\"position\":2,\"item\":{\"@type\":\"WebPage\",\"@id\":\"https:\/\/akmenesmedelynas.lt\/?post_type=product\",\"url\":\"https:\/\/akmenesmedelynas.lt\/?post_type=product\",\"name\":\"Produktai\"}},{\"@type\":\"ListItem\",\"position\":3,\"item\":{\"@type\":\"WebPage\",\"@id\":\"https:\/\/akmenesmedelynas.lt\/?product=new-york-muscat\",\"url\":\"https:\/\/akmenesmedelynas.lt\/?product=new-york-muscat\",\"name\":\"New York Muscat\"}}]}]}<\/script>\n<!-- \/ Yoast SEO plugin. -->","_links":{"self":[{"href":"https:\/\/akmenesmedelynas.lt\/index.php?rest_route=\/wp\/v2\/product\/2300","targetHints":{"allow":["GET"]}}],"collection":[{"href":"https:\/\/akmenesmedelynas.lt\/index.php?rest_route=\/wp\/v2\/product"}],"about":[{"href":"https:\/\/akmenesmedelynas.lt\/index.php?rest_route=\/wp\/v2\/types\/product"}],"replies":[{"embeddable":true,"href":"https:\/\/akmenesmedelynas.lt\/index.php?rest_route=%2Fwp%2Fv2%2Fcomments&post=2300"}],"version-history":[{"count":2,"href":"https:\/\/akmenesmedelynas.lt\/index.php?rest_route=\/wp\/v2\/product\/2300\/revisions"}],"predecessor-version":[{"id":2303,"href":"https:\/\/akmenesmedelynas.lt\/index.php?rest_route=\/wp\/v2\/product\/2300\/revisions\/2303"}],"wp:featuredmedia":[{"embeddable":true,"href":"https:\/\/akmenesmedelynas.lt\/index.php?rest_route=\/wp\/v2\/media\/2301"}],"wp:attachment":[{"href":"https:\/\/akmenesmedelynas.lt\/index.php?rest_route=%2Fwp%2Fv2%2Fmedia&parent=2300"}],"curies":[{"name":"wp","href":"https:\/\/api.w.org\/{rel}","templated":true}]}}