{"id":2091,"date":"2021-03-27T10:38:56","date_gmt":"2021-03-27T10:38:56","guid":{"rendered":"https:\/\/akmenesmedelynas.lt\/?post_type=product&#038;p=2091"},"modified":"2022-10-15T14:00:08","modified_gmt":"2022-10-15T14:00:08","slug":"kolonovidnaja-kolonine-slyva","status":"publish","type":"product","link":"https:\/\/akmenesmedelynas.lt\/?product=kolonovidnaja-kolonine-slyva","title":{"rendered":"Kolonovidnaja (kolonin\u0117 slyva)"},"content":{"rendered":"","protected":false},"excerpt":{"rendered":"<p>Kilm\u0117: Rusija<\/p>\n<p>Vidutinio ankstyvumo slyv\u0173 veisl\u0117. Vaisiai prinoksta rugpj\u016b\u010dio prad\u017eioje.<\/p>\n<p>Vaisiai gra\u017eios i\u0161vaizdos, raudonai purpurin\u0117s spalvos. Mink\u0161timas ro\u017einis, gaivaus sald\u017eiar\u016bg\u0161\u010dio skonio.<\/p>\n<p>Vaismedis kolonin\u0117s formos, labai dekoratyvus, turinitis vainik\u0105.<\/p>\n<p>Kry\u017emadulk\u0117.<\/p>\n","protected":false},"featured_media":2092,"comment_status":"open","ping_status":"closed","template":"","meta":[],"class_list":{"0":"post-2091","1":"product","2":"type-product","3":"status-publish","4":"has-post-thumbnail","6":"product_cat-kolonines-slyvos","7":"product_cat-slyvos","9":"first","10":"instock","11":"shipping-taxable","12":"product-type-simple"},"yoast_head":"<!-- This site is optimized with the Yoast SEO plugin v16.0.2 - https:\/\/yoast.com\/wordpress\/plugins\/seo\/ -->\n<title>Kolonovidnaja (kolonin\u0117 slyva) - Akmen\u0117s medelynas<\/title>\n<link rel=\"canonical\" href=\"https:\/\/akmenesmedelynas.lt\/?product=kolonovidnaja-kolonine-slyva\" \/>\n<meta property=\"og:locale\" content=\"lt_LT\" \/>\n<meta property=\"og:type\" content=\"article\" \/>\n<meta property=\"og:title\" content=\"Kolonovidnaja (kolonin\u0117 slyva) - Akmen\u0117s medelynas\" \/>\n<meta property=\"og:description\" content=\"Kilm\u0117: Rusija  Vidutinio ankstyvumo slyv\u0173 veisl\u0117. Vaisiai prinoksta rugpj\u016b\u010dio prad\u017eioje.  Vaisiai gra\u017eios i\u0161vaizdos, raudonai purpurin\u0117s spalvos. Mink\u0161timas ro\u017einis, gaivaus sald\u017eiar\u016bg\u0161\u010dio skonio.  Vaismedis kolonin\u0117s formos, labai dekoratyvus, turinitis vainik\u0105.  Kry\u017emadulk\u0117.\" \/>\n<meta property=\"og:url\" content=\"https:\/\/akmenesmedelynas.lt\/?product=kolonovidnaja-kolonine-slyva\" \/>\n<meta property=\"og:site_name\" content=\"Akmen\u0117s medelynas\" \/>\n<meta property=\"article:modified_time\" content=\"2022-10-15T14:00:08+00:00\" \/>\n<meta property=\"og:image\" content=\"https:\/\/akmenesmedelynas.lt\/wp-content\/uploads\/2021\/03\/kolonineslyva.jpg\" \/>\n\t<meta property=\"og:image:width\" content=\"800\" \/>\n\t<meta property=\"og:image:height\" content=\"600\" \/>\n<meta name=\"twitter:card\" content=\"summary_large_image\" \/>\n<script type=\"application\/ld+json\" class=\"yoast-schema-graph\">{\"@context\":\"https:\/\/schema.org\",\"@graph\":[{\"@type\":\"Organization\",\"@id\":\"https:\/\/akmenesmedelynas.lt\/#organization\",\"name\":\"Akmen\\u0117s medelynas\",\"url\":\"https:\/\/akmenesmedelynas.lt\/\",\"sameAs\":[],\"logo\":{\"@type\":\"ImageObject\",\"@id\":\"https:\/\/akmenesmedelynas.lt\/#logo\",\"inLanguage\":\"lt-LT\",\"url\":\"https:\/\/akmenesmedelynas.lt\/wp-content\/uploads\/2021\/03\/Akmene\\u0307s-medelynas-Logo-5.png\",\"width\":1500,\"height\":1500,\"caption\":\"Akmen\\u0117s medelynas\"},\"image\":{\"@id\":\"https:\/\/akmenesmedelynas.lt\/#logo\"}},{\"@type\":\"WebSite\",\"@id\":\"https:\/\/akmenesmedelynas.lt\/#website\",\"url\":\"https:\/\/akmenesmedelynas.lt\/\",\"name\":\"Akmen\\u0117s medelynas\",\"description\":\"\",\"publisher\":{\"@id\":\"https:\/\/akmenesmedelynas.lt\/#organization\"},\"potentialAction\":[{\"@type\":\"SearchAction\",\"target\":\"https:\/\/akmenesmedelynas.lt\/?s={search_term_string}\",\"query-input\":\"required name=search_term_string\"}],\"inLanguage\":\"lt-LT\"},{\"@type\":\"ImageObject\",\"@id\":\"https:\/\/akmenesmedelynas.lt\/?product=kolonovidnaja-kolonine-slyva#primaryimage\",\"inLanguage\":\"lt-LT\",\"url\":\"https:\/\/akmenesmedelynas.lt\/wp-content\/uploads\/2021\/03\/kolonineslyva.jpg\",\"width\":800,\"height\":600},{\"@type\":\"WebPage\",\"@id\":\"https:\/\/akmenesmedelynas.lt\/?product=kolonovidnaja-kolonine-slyva#webpage\",\"url\":\"https:\/\/akmenesmedelynas.lt\/?product=kolonovidnaja-kolonine-slyva\",\"name\":\"Kolonovidnaja (kolonin\\u0117 slyva) - Akmen\\u0117s medelynas\",\"isPartOf\":{\"@id\":\"https:\/\/akmenesmedelynas.lt\/#website\"},\"primaryImageOfPage\":{\"@id\":\"https:\/\/akmenesmedelynas.lt\/?product=kolonovidnaja-kolonine-slyva#primaryimage\"},\"datePublished\":\"2021-03-27T10:38:56+00:00\",\"dateModified\":\"2022-10-15T14:00:08+00:00\",\"breadcrumb\":{\"@id\":\"https:\/\/akmenesmedelynas.lt\/?product=kolonovidnaja-kolonine-slyva#breadcrumb\"},\"inLanguage\":\"lt-LT\",\"potentialAction\":[{\"@type\":\"ReadAction\",\"target\":[\"https:\/\/akmenesmedelynas.lt\/?product=kolonovidnaja-kolonine-slyva\"]}]},{\"@type\":\"BreadcrumbList\",\"@id\":\"https:\/\/akmenesmedelynas.lt\/?product=kolonovidnaja-kolonine-slyva#breadcrumb\",\"itemListElement\":[{\"@type\":\"ListItem\",\"position\":1,\"item\":{\"@type\":\"WebPage\",\"@id\":\"https:\/\/akmenesmedelynas.lt\/\",\"url\":\"https:\/\/akmenesmedelynas.lt\/\",\"name\":\"Home\"}},{\"@type\":\"ListItem\",\"position\":2,\"item\":{\"@type\":\"WebPage\",\"@id\":\"https:\/\/akmenesmedelynas.lt\/?post_type=product\",\"url\":\"https:\/\/akmenesmedelynas.lt\/?post_type=product\",\"name\":\"Produktai\"}},{\"@type\":\"ListItem\",\"position\":3,\"item\":{\"@type\":\"WebPage\",\"@id\":\"https:\/\/akmenesmedelynas.lt\/?product=kolonovidnaja-kolonine-slyva\",\"url\":\"https:\/\/akmenesmedelynas.lt\/?product=kolonovidnaja-kolonine-slyva\",\"name\":\"Kolonovidnaja (kolonin\\u0117 slyva)\"}}]}]}<\/script>\n<!-- \/ Yoast SEO plugin. -->","_links":{"self":[{"href":"https:\/\/akmenesmedelynas.lt\/index.php?rest_route=\/wp\/v2\/product\/2091","targetHints":{"allow":["GET"]}}],"collection":[{"href":"https:\/\/akmenesmedelynas.lt\/index.php?rest_route=\/wp\/v2\/product"}],"about":[{"href":"https:\/\/akmenesmedelynas.lt\/index.php?rest_route=\/wp\/v2\/types\/product"}],"replies":[{"embeddable":true,"href":"https:\/\/akmenesmedelynas.lt\/index.php?rest_route=%2Fwp%2Fv2%2Fcomments&post=2091"}],"version-history":[{"count":2,"href":"https:\/\/akmenesmedelynas.lt\/index.php?rest_route=\/wp\/v2\/product\/2091\/revisions"}],"predecessor-version":[{"id":2338,"href":"https:\/\/akmenesmedelynas.lt\/index.php?rest_route=\/wp\/v2\/product\/2091\/revisions\/2338"}],"wp:featuredmedia":[{"embeddable":true,"href":"https:\/\/akmenesmedelynas.lt\/index.php?rest_route=\/wp\/v2\/media\/2092"}],"wp:attachment":[{"href":"https:\/\/akmenesmedelynas.lt\/index.php?rest_route=%2Fwp%2Fv2%2Fmedia&parent=2091"}],"curies":[{"name":"wp","href":"https:\/\/api.w.org\/{rel}","templated":true}]}}