{"id":2030,"date":"2021-03-27T09:50:38","date_gmt":"2021-03-27T09:50:38","guid":{"rendered":"https:\/\/akmenesmedelynas.lt\/?post_type=product&#038;p=2030"},"modified":"2022-10-15T14:02:40","modified_gmt":"2022-10-15T14:02:40","slug":"alyvine","status":"publish","type":"product","link":"https:\/\/akmenesmedelynas.lt\/?product=alyvine","title":{"rendered":"Alyvin\u0117"},"content":{"rendered":"","protected":false},"excerpt":{"rendered":"<p>Kilm\u0117: Baltijos \u0161alys<\/p>\n<p>Vasarin\u0117 obel\u0173 veisl\u0117. Vaisiai sunoksta liepos pabaigoje \u2013 rugpj\u016b\u010dio prad\u017eioje.<\/p>\n<p>Vaisiai vidutinio stambumo. Odel\u0117 vienspalv\u0117, \u0161iaud\u0173 geltonumo, o prinokusi\u0173 \u2013 gelsvai balta.<\/p>\n<p>Der\u0117ti pradeda 2 \u2013 3 metais.<\/p>\n","protected":false},"featured_media":2121,"comment_status":"open","ping_status":"closed","template":"","meta":[],"class_list":{"0":"post-2030","1":"product","2":"type-product","3":"status-publish","4":"has-post-thumbnail","6":"product_cat-obelys","7":"product_cat-vasarines","9":"first","10":"instock","11":"shipping-taxable","12":"product-type-simple"},"yoast_head":"<!-- This site is optimized with the Yoast SEO plugin v16.0.2 - https:\/\/yoast.com\/wordpress\/plugins\/seo\/ -->\n<title>Alyvin\u0117 - Akmen\u0117s medelynas<\/title>\n<link rel=\"canonical\" href=\"https:\/\/akmenesmedelynas.lt\/?product=alyvine\" \/>\n<meta property=\"og:locale\" content=\"lt_LT\" \/>\n<meta property=\"og:type\" content=\"article\" \/>\n<meta property=\"og:title\" content=\"Alyvin\u0117 - Akmen\u0117s medelynas\" \/>\n<meta property=\"og:description\" content=\"Kilm\u0117: Baltijos \u0161alys  Vasarin\u0117 obel\u0173 veisl\u0117. Vaisiai sunoksta liepos pabaigoje \u2013 rugpj\u016b\u010dio prad\u017eioje.  Vaisiai vidutinio stambumo. Odel\u0117 vienspalv\u0117, \u0161iaud\u0173 geltonumo, o prinokusi\u0173 \u2013 gelsvai balta.  Der\u0117ti pradeda 2 \u2013 3 metais.\" \/>\n<meta property=\"og:url\" content=\"https:\/\/akmenesmedelynas.lt\/?product=alyvine\" \/>\n<meta property=\"og:site_name\" content=\"Akmen\u0117s medelynas\" \/>\n<meta property=\"article:modified_time\" content=\"2022-10-15T14:02:40+00:00\" \/>\n<meta property=\"og:image\" content=\"https:\/\/akmenesmedelynas.lt\/wp-content\/uploads\/2021\/03\/alyvinee.jpg\" \/>\n\t<meta property=\"og:image:width\" content=\"700\" \/>\n\t<meta property=\"og:image:height\" content=\"879\" \/>\n<meta name=\"twitter:card\" content=\"summary_large_image\" \/>\n<script type=\"application\/ld+json\" class=\"yoast-schema-graph\">{\"@context\":\"https:\/\/schema.org\",\"@graph\":[{\"@type\":\"Organization\",\"@id\":\"https:\/\/akmenesmedelynas.lt\/#organization\",\"name\":\"Akmen\\u0117s medelynas\",\"url\":\"https:\/\/akmenesmedelynas.lt\/\",\"sameAs\":[],\"logo\":{\"@type\":\"ImageObject\",\"@id\":\"https:\/\/akmenesmedelynas.lt\/#logo\",\"inLanguage\":\"lt-LT\",\"url\":\"https:\/\/akmenesmedelynas.lt\/wp-content\/uploads\/2021\/03\/Akmene\\u0307s-medelynas-Logo-5.png\",\"width\":1500,\"height\":1500,\"caption\":\"Akmen\\u0117s medelynas\"},\"image\":{\"@id\":\"https:\/\/akmenesmedelynas.lt\/#logo\"}},{\"@type\":\"WebSite\",\"@id\":\"https:\/\/akmenesmedelynas.lt\/#website\",\"url\":\"https:\/\/akmenesmedelynas.lt\/\",\"name\":\"Akmen\\u0117s medelynas\",\"description\":\"\",\"publisher\":{\"@id\":\"https:\/\/akmenesmedelynas.lt\/#organization\"},\"potentialAction\":[{\"@type\":\"SearchAction\",\"target\":\"https:\/\/akmenesmedelynas.lt\/?s={search_term_string}\",\"query-input\":\"required name=search_term_string\"}],\"inLanguage\":\"lt-LT\"},{\"@type\":\"ImageObject\",\"@id\":\"https:\/\/akmenesmedelynas.lt\/?product=alyvine#primaryimage\",\"inLanguage\":\"lt-LT\",\"url\":\"https:\/\/akmenesmedelynas.lt\/wp-content\/uploads\/2021\/03\/alyvinee.jpg\",\"width\":700,\"height\":879},{\"@type\":\"WebPage\",\"@id\":\"https:\/\/akmenesmedelynas.lt\/?product=alyvine#webpage\",\"url\":\"https:\/\/akmenesmedelynas.lt\/?product=alyvine\",\"name\":\"Alyvin\\u0117 - Akmen\\u0117s medelynas\",\"isPartOf\":{\"@id\":\"https:\/\/akmenesmedelynas.lt\/#website\"},\"primaryImageOfPage\":{\"@id\":\"https:\/\/akmenesmedelynas.lt\/?product=alyvine#primaryimage\"},\"datePublished\":\"2021-03-27T09:50:38+00:00\",\"dateModified\":\"2022-10-15T14:02:40+00:00\",\"breadcrumb\":{\"@id\":\"https:\/\/akmenesmedelynas.lt\/?product=alyvine#breadcrumb\"},\"inLanguage\":\"lt-LT\",\"potentialAction\":[{\"@type\":\"ReadAction\",\"target\":[\"https:\/\/akmenesmedelynas.lt\/?product=alyvine\"]}]},{\"@type\":\"BreadcrumbList\",\"@id\":\"https:\/\/akmenesmedelynas.lt\/?product=alyvine#breadcrumb\",\"itemListElement\":[{\"@type\":\"ListItem\",\"position\":1,\"item\":{\"@type\":\"WebPage\",\"@id\":\"https:\/\/akmenesmedelynas.lt\/\",\"url\":\"https:\/\/akmenesmedelynas.lt\/\",\"name\":\"Home\"}},{\"@type\":\"ListItem\",\"position\":2,\"item\":{\"@type\":\"WebPage\",\"@id\":\"https:\/\/akmenesmedelynas.lt\/?post_type=product\",\"url\":\"https:\/\/akmenesmedelynas.lt\/?post_type=product\",\"name\":\"Produktai\"}},{\"@type\":\"ListItem\",\"position\":3,\"item\":{\"@type\":\"WebPage\",\"@id\":\"https:\/\/akmenesmedelynas.lt\/?product=alyvine\",\"url\":\"https:\/\/akmenesmedelynas.lt\/?product=alyvine\",\"name\":\"Alyvin\\u0117\"}}]}]}<\/script>\n<!-- \/ Yoast SEO plugin. -->","_links":{"self":[{"href":"https:\/\/akmenesmedelynas.lt\/index.php?rest_route=\/wp\/v2\/product\/2030","targetHints":{"allow":["GET"]}}],"collection":[{"href":"https:\/\/akmenesmedelynas.lt\/index.php?rest_route=\/wp\/v2\/product"}],"about":[{"href":"https:\/\/akmenesmedelynas.lt\/index.php?rest_route=\/wp\/v2\/types\/product"}],"replies":[{"embeddable":true,"href":"https:\/\/akmenesmedelynas.lt\/index.php?rest_route=%2Fwp%2Fv2%2Fcomments&post=2030"}],"version-history":[{"count":1,"href":"https:\/\/akmenesmedelynas.lt\/index.php?rest_route=\/wp\/v2\/product\/2030\/revisions"}],"predecessor-version":[{"id":2032,"href":"https:\/\/akmenesmedelynas.lt\/index.php?rest_route=\/wp\/v2\/product\/2030\/revisions\/2032"}],"wp:featuredmedia":[{"embeddable":true,"href":"https:\/\/akmenesmedelynas.lt\/index.php?rest_route=\/wp\/v2\/media\/2121"}],"wp:attachment":[{"href":"https:\/\/akmenesmedelynas.lt\/index.php?rest_route=%2Fwp%2Fv2%2Fmedia&parent=2030"}],"curies":[{"name":"wp","href":"https:\/\/api.w.org\/{rel}","templated":true}]}}