{"id":1562,"date":"2021-03-18T14:41:17","date_gmt":"2021-03-18T14:41:17","guid":{"rendered":"https:\/\/akmenesmedelynas.lt\/?post_type=product&#038;p=1562"},"modified":"2021-08-31T15:10:26","modified_gmt":"2021-08-31T15:10:26","slug":"novyj-podarok-zaporozju","status":"publish","type":"product","link":"https:\/\/akmenesmedelynas.lt\/?product=novyj-podarok-zaporozju","title":{"rendered":"Novyj Podarok Zaporo\u017eju"},"content":{"rendered":"","protected":false},"excerpt":{"rendered":"<p>Tai nauja, didel\u0117mis kek\u0117mis ir uogomis desertin\u0117 veisl\u0117. Vidutini\u0161kai augi, savidulk\u0117. Kek\u0117s labai didel\u0117s 800-1100g., cilindri\u0161kos, vidutinio tankumo. Vynuog\u0117s stambios 9,8 &#8211; 11,2g., mink\u0161timas tvirtas. Pakanti \u0161al\u010diams iki 24\u00b0C, \u017eiem\u0105 reikia dengti.<\/p>\n","protected":false},"featured_media":1563,"comment_status":"open","ping_status":"closed","template":"","meta":[],"class_list":{"0":"post-1562","1":"product","2":"type-product","3":"status-publish","4":"has-post-thumbnail","6":"product_cat-vynuoges","8":"first","9":"outofstock","10":"shipping-taxable","11":"product-type-simple"},"yoast_head":"<!-- This site is optimized with the Yoast SEO plugin v16.0.2 - https:\/\/yoast.com\/wordpress\/plugins\/seo\/ -->\n<title>Novyj Podarok Zaporo\u017eju - Akmen\u0117s medelynas<\/title>\n<link rel=\"canonical\" href=\"https:\/\/akmenesmedelynas.lt\/?product=novyj-podarok-zaporozju\" \/>\n<meta property=\"og:locale\" content=\"lt_LT\" \/>\n<meta property=\"og:type\" content=\"article\" \/>\n<meta property=\"og:title\" content=\"Novyj Podarok Zaporo\u017eju - Akmen\u0117s medelynas\" \/>\n<meta property=\"og:description\" content=\"Tai nauja, didel\u0117mis kek\u0117mis ir uogomis desertin\u0117 veisl\u0117. Vidutini\u0161kai augi, savidulk\u0117. Kek\u0117s labai didel\u0117s 800-1100g., cilindri\u0161kos, vidutinio tankumo. Vynuog\u0117s stambios 9,8 - 11,2g., mink\u0161timas tvirtas. Pakanti \u0161al\u010diams iki 24\u00b0C, \u017eiem\u0105 reikia dengti.\" \/>\n<meta property=\"og:url\" content=\"https:\/\/akmenesmedelynas.lt\/?product=novyj-podarok-zaporozju\" \/>\n<meta property=\"og:site_name\" content=\"Akmen\u0117s medelynas\" \/>\n<meta property=\"article:modified_time\" content=\"2021-08-31T15:10:26+00:00\" \/>\n<meta property=\"og:image\" content=\"https:\/\/akmenesmedelynas.lt\/wp-content\/uploads\/2021\/03\/7f5f19ff468c92d65342637e281d.jpeg\" \/>\n\t<meta property=\"og:image:width\" content=\"474\" \/>\n\t<meta property=\"og:image:height\" content=\"474\" \/>\n<meta name=\"twitter:card\" content=\"summary_large_image\" \/>\n<script type=\"application\/ld+json\" class=\"yoast-schema-graph\">{\"@context\":\"https:\/\/schema.org\",\"@graph\":[{\"@type\":\"Organization\",\"@id\":\"https:\/\/akmenesmedelynas.lt\/#organization\",\"name\":\"Akmen\\u0117s medelynas\",\"url\":\"https:\/\/akmenesmedelynas.lt\/\",\"sameAs\":[],\"logo\":{\"@type\":\"ImageObject\",\"@id\":\"https:\/\/akmenesmedelynas.lt\/#logo\",\"inLanguage\":\"lt-LT\",\"url\":\"https:\/\/akmenesmedelynas.lt\/wp-content\/uploads\/2021\/03\/Akmene\\u0307s-medelynas-Logo-5.png\",\"width\":1500,\"height\":1500,\"caption\":\"Akmen\\u0117s medelynas\"},\"image\":{\"@id\":\"https:\/\/akmenesmedelynas.lt\/#logo\"}},{\"@type\":\"WebSite\",\"@id\":\"https:\/\/akmenesmedelynas.lt\/#website\",\"url\":\"https:\/\/akmenesmedelynas.lt\/\",\"name\":\"Akmen\\u0117s medelynas\",\"description\":\"\",\"publisher\":{\"@id\":\"https:\/\/akmenesmedelynas.lt\/#organization\"},\"potentialAction\":[{\"@type\":\"SearchAction\",\"target\":\"https:\/\/akmenesmedelynas.lt\/?s={search_term_string}\",\"query-input\":\"required name=search_term_string\"}],\"inLanguage\":\"lt-LT\"},{\"@type\":\"ImageObject\",\"@id\":\"https:\/\/akmenesmedelynas.lt\/?product=novyj-podarok-zaporozju#primaryimage\",\"inLanguage\":\"lt-LT\",\"url\":\"https:\/\/akmenesmedelynas.lt\/wp-content\/uploads\/2021\/03\/7f5f19ff468c92d65342637e281d.jpeg\",\"width\":474,\"height\":474},{\"@type\":\"WebPage\",\"@id\":\"https:\/\/akmenesmedelynas.lt\/?product=novyj-podarok-zaporozju#webpage\",\"url\":\"https:\/\/akmenesmedelynas.lt\/?product=novyj-podarok-zaporozju\",\"name\":\"Novyj Podarok Zaporo\\u017eju - Akmen\\u0117s medelynas\",\"isPartOf\":{\"@id\":\"https:\/\/akmenesmedelynas.lt\/#website\"},\"primaryImageOfPage\":{\"@id\":\"https:\/\/akmenesmedelynas.lt\/?product=novyj-podarok-zaporozju#primaryimage\"},\"datePublished\":\"2021-03-18T14:41:17+00:00\",\"dateModified\":\"2021-08-31T15:10:26+00:00\",\"breadcrumb\":{\"@id\":\"https:\/\/akmenesmedelynas.lt\/?product=novyj-podarok-zaporozju#breadcrumb\"},\"inLanguage\":\"lt-LT\",\"potentialAction\":[{\"@type\":\"ReadAction\",\"target\":[\"https:\/\/akmenesmedelynas.lt\/?product=novyj-podarok-zaporozju\"]}]},{\"@type\":\"BreadcrumbList\",\"@id\":\"https:\/\/akmenesmedelynas.lt\/?product=novyj-podarok-zaporozju#breadcrumb\",\"itemListElement\":[{\"@type\":\"ListItem\",\"position\":1,\"item\":{\"@type\":\"WebPage\",\"@id\":\"https:\/\/akmenesmedelynas.lt\/\",\"url\":\"https:\/\/akmenesmedelynas.lt\/\",\"name\":\"Home\"}},{\"@type\":\"ListItem\",\"position\":2,\"item\":{\"@type\":\"WebPage\",\"@id\":\"https:\/\/akmenesmedelynas.lt\/?post_type=product\",\"url\":\"https:\/\/akmenesmedelynas.lt\/?post_type=product\",\"name\":\"Produktai\"}},{\"@type\":\"ListItem\",\"position\":3,\"item\":{\"@type\":\"WebPage\",\"@id\":\"https:\/\/akmenesmedelynas.lt\/?product=novyj-podarok-zaporozju\",\"url\":\"https:\/\/akmenesmedelynas.lt\/?product=novyj-podarok-zaporozju\",\"name\":\"Novyj Podarok Zaporo\\u017eju\"}}]}]}<\/script>\n<!-- \/ Yoast SEO plugin. -->","_links":{"self":[{"href":"https:\/\/akmenesmedelynas.lt\/index.php?rest_route=\/wp\/v2\/product\/1562","targetHints":{"allow":["GET"]}}],"collection":[{"href":"https:\/\/akmenesmedelynas.lt\/index.php?rest_route=\/wp\/v2\/product"}],"about":[{"href":"https:\/\/akmenesmedelynas.lt\/index.php?rest_route=\/wp\/v2\/types\/product"}],"replies":[{"embeddable":true,"href":"https:\/\/akmenesmedelynas.lt\/index.php?rest_route=%2Fwp%2Fv2%2Fcomments&post=1562"}],"version-history":[{"count":1,"href":"https:\/\/akmenesmedelynas.lt\/index.php?rest_route=\/wp\/v2\/product\/1562\/revisions"}],"predecessor-version":[{"id":1574,"href":"https:\/\/akmenesmedelynas.lt\/index.php?rest_route=\/wp\/v2\/product\/1562\/revisions\/1574"}],"wp:featuredmedia":[{"embeddable":true,"href":"https:\/\/akmenesmedelynas.lt\/index.php?rest_route=\/wp\/v2\/media\/1563"}],"wp:attachment":[{"href":"https:\/\/akmenesmedelynas.lt\/index.php?rest_route=%2Fwp%2Fv2%2Fmedia&parent=1562"}],"curies":[{"name":"wp","href":"https:\/\/api.w.org\/{rel}","templated":true}]}}