{"id":1556,"date":"2021-03-18T14:27:00","date_gmt":"2021-03-18T14:27:00","guid":{"rendered":"https:\/\/akmenesmedelynas.lt\/?post_type=product&#038;p=1556"},"modified":"2021-09-04T10:41:11","modified_gmt":"2021-09-04T10:41:11","slug":"liepsna","status":"publish","type":"product","link":"https:\/\/akmenesmedelynas.lt\/?product=liepsna","title":{"rendered":"Liepsna"},"content":{"rendered":"","protected":false},"excerpt":{"rendered":"<p>Savidulk\u0117, labai ankstyva veisl\u0117. Vynuog\u0117s u\u017eauga ir sunoksta per 100-105 dienas nuo pumpur\u0173 i\u0161siskleidimo, uogos sveria vidutini\u0161kai 3,5 &#8211; 4,0 g., o kek\u0117s &#8211; 250 &#8211; 300 g. Uogos ry\u0161kiai raudonos spalvos, o skonis primena ananas\u0105. Odel\u0117 tvirta. \u0160ios vynuog\u0117s uogos gali ilgai kab\u0117ti ant kr\u016bmo neprarasdamos skonio. Vynmed\u017eio kr\u016bmas ve\u0161lus, tinka ap\u017eeldinti pav\u0117sines, o \u016bgliai subr\u0119sta gerai. \u0160i veisl\u0117 labai atspari ligoms ir \u0161al\u010diui ( -30\u00b0C), tod\u0117l gali \u017eiemoti nedengiama.<\/p>\n","protected":false},"featured_media":1558,"comment_status":"open","ping_status":"closed","template":"","meta":[],"class_list":{"0":"post-1556","1":"product","2":"type-product","3":"status-publish","4":"has-post-thumbnail","6":"product_cat-vynuoges","8":"first","9":"outofstock","10":"shipping-taxable","11":"product-type-simple"},"yoast_head":"<!-- This site is optimized with the Yoast SEO plugin v16.0.2 - https:\/\/yoast.com\/wordpress\/plugins\/seo\/ -->\n<title>Liepsna - Akmen\u0117s medelynas<\/title>\n<link rel=\"canonical\" href=\"https:\/\/akmenesmedelynas.lt\/?product=liepsna\" \/>\n<meta property=\"og:locale\" content=\"lt_LT\" \/>\n<meta property=\"og:type\" content=\"article\" \/>\n<meta property=\"og:title\" content=\"Liepsna - Akmen\u0117s medelynas\" \/>\n<meta property=\"og:description\" content=\"Savidulk\u0117, labai ankstyva veisl\u0117. Vynuog\u0117s u\u017eauga ir sunoksta per 100-105 dienas nuo pumpur\u0173 i\u0161siskleidimo, uogos sveria vidutini\u0161kai 3,5 - 4,0 g., o kek\u0117s - 250 - 300 g. Uogos ry\u0161kiai raudonos spalvos, o skonis primena ananas\u0105. Odel\u0117 tvirta. \u0160ios vynuog\u0117s uogos gali ilgai kab\u0117ti ant kr\u016bmo neprarasdamos skonio. Vynmed\u017eio kr\u016bmas ve\u0161lus, tinka ap\u017eeldinti pav\u0117sines, o \u016bgliai subr\u0119sta gerai. \u0160i veisl\u0117 labai atspari ligoms ir \u0161al\u010diui ( -30\u00b0C), tod\u0117l gali \u017eiemoti nedengiama.\" \/>\n<meta property=\"og:url\" content=\"https:\/\/akmenesmedelynas.lt\/?product=liepsna\" \/>\n<meta property=\"og:site_name\" content=\"Akmen\u0117s medelynas\" \/>\n<meta property=\"article:modified_time\" content=\"2021-09-04T10:41:11+00:00\" \/>\n<meta property=\"og:image\" content=\"https:\/\/akmenesmedelynas.lt\/wp-content\/uploads\/2021\/03\/Koshu-e1563990975191.jpg\" \/>\n\t<meta property=\"og:image:width\" content=\"900\" \/>\n\t<meta property=\"og:image:height\" content=\"602\" \/>\n<meta name=\"twitter:card\" content=\"summary_large_image\" \/>\n<script type=\"application\/ld+json\" class=\"yoast-schema-graph\">{\"@context\":\"https:\/\/schema.org\",\"@graph\":[{\"@type\":\"Organization\",\"@id\":\"https:\/\/akmenesmedelynas.lt\/#organization\",\"name\":\"Akmen\\u0117s medelynas\",\"url\":\"https:\/\/akmenesmedelynas.lt\/\",\"sameAs\":[],\"logo\":{\"@type\":\"ImageObject\",\"@id\":\"https:\/\/akmenesmedelynas.lt\/#logo\",\"inLanguage\":\"lt-LT\",\"url\":\"https:\/\/akmenesmedelynas.lt\/wp-content\/uploads\/2021\/03\/Akmene\\u0307s-medelynas-Logo-5.png\",\"width\":1500,\"height\":1500,\"caption\":\"Akmen\\u0117s medelynas\"},\"image\":{\"@id\":\"https:\/\/akmenesmedelynas.lt\/#logo\"}},{\"@type\":\"WebSite\",\"@id\":\"https:\/\/akmenesmedelynas.lt\/#website\",\"url\":\"https:\/\/akmenesmedelynas.lt\/\",\"name\":\"Akmen\\u0117s medelynas\",\"description\":\"\",\"publisher\":{\"@id\":\"https:\/\/akmenesmedelynas.lt\/#organization\"},\"potentialAction\":[{\"@type\":\"SearchAction\",\"target\":\"https:\/\/akmenesmedelynas.lt\/?s={search_term_string}\",\"query-input\":\"required name=search_term_string\"}],\"inLanguage\":\"lt-LT\"},{\"@type\":\"ImageObject\",\"@id\":\"https:\/\/akmenesmedelynas.lt\/?product=liepsna#primaryimage\",\"inLanguage\":\"lt-LT\",\"url\":\"https:\/\/akmenesmedelynas.lt\/wp-content\/uploads\/2021\/03\/Koshu-e1563990975191.jpg\",\"width\":900,\"height\":602},{\"@type\":\"WebPage\",\"@id\":\"https:\/\/akmenesmedelynas.lt\/?product=liepsna#webpage\",\"url\":\"https:\/\/akmenesmedelynas.lt\/?product=liepsna\",\"name\":\"Liepsna - Akmen\\u0117s medelynas\",\"isPartOf\":{\"@id\":\"https:\/\/akmenesmedelynas.lt\/#website\"},\"primaryImageOfPage\":{\"@id\":\"https:\/\/akmenesmedelynas.lt\/?product=liepsna#primaryimage\"},\"datePublished\":\"2021-03-18T14:27:00+00:00\",\"dateModified\":\"2021-09-04T10:41:11+00:00\",\"breadcrumb\":{\"@id\":\"https:\/\/akmenesmedelynas.lt\/?product=liepsna#breadcrumb\"},\"inLanguage\":\"lt-LT\",\"potentialAction\":[{\"@type\":\"ReadAction\",\"target\":[\"https:\/\/akmenesmedelynas.lt\/?product=liepsna\"]}]},{\"@type\":\"BreadcrumbList\",\"@id\":\"https:\/\/akmenesmedelynas.lt\/?product=liepsna#breadcrumb\",\"itemListElement\":[{\"@type\":\"ListItem\",\"position\":1,\"item\":{\"@type\":\"WebPage\",\"@id\":\"https:\/\/akmenesmedelynas.lt\/\",\"url\":\"https:\/\/akmenesmedelynas.lt\/\",\"name\":\"Home\"}},{\"@type\":\"ListItem\",\"position\":2,\"item\":{\"@type\":\"WebPage\",\"@id\":\"https:\/\/akmenesmedelynas.lt\/?post_type=product\",\"url\":\"https:\/\/akmenesmedelynas.lt\/?post_type=product\",\"name\":\"Produktai\"}},{\"@type\":\"ListItem\",\"position\":3,\"item\":{\"@type\":\"WebPage\",\"@id\":\"https:\/\/akmenesmedelynas.lt\/?product=liepsna\",\"url\":\"https:\/\/akmenesmedelynas.lt\/?product=liepsna\",\"name\":\"Liepsna\"}}]}]}<\/script>\n<!-- \/ Yoast SEO plugin. -->","_links":{"self":[{"href":"https:\/\/akmenesmedelynas.lt\/index.php?rest_route=\/wp\/v2\/product\/1556","targetHints":{"allow":["GET"]}}],"collection":[{"href":"https:\/\/akmenesmedelynas.lt\/index.php?rest_route=\/wp\/v2\/product"}],"about":[{"href":"https:\/\/akmenesmedelynas.lt\/index.php?rest_route=\/wp\/v2\/types\/product"}],"replies":[{"embeddable":true,"href":"https:\/\/akmenesmedelynas.lt\/index.php?rest_route=%2Fwp%2Fv2%2Fcomments&post=1556"}],"version-history":[{"count":1,"href":"https:\/\/akmenesmedelynas.lt\/index.php?rest_route=\/wp\/v2\/product\/1556\/revisions"}],"predecessor-version":[{"id":1576,"href":"https:\/\/akmenesmedelynas.lt\/index.php?rest_route=\/wp\/v2\/product\/1556\/revisions\/1576"}],"wp:featuredmedia":[{"embeddable":true,"href":"https:\/\/akmenesmedelynas.lt\/index.php?rest_route=\/wp\/v2\/media\/1558"}],"wp:attachment":[{"href":"https:\/\/akmenesmedelynas.lt\/index.php?rest_route=%2Fwp%2Fv2%2Fmedia&parent=1556"}],"curies":[{"name":"wp","href":"https:\/\/api.w.org\/{rel}","templated":true}]}}