{"id":1549,"date":"2021-03-18T14:06:25","date_gmt":"2021-03-18T14:06:25","guid":{"rendered":"https:\/\/akmenesmedelynas.lt\/?post_type=product&#038;p=1549"},"modified":"2022-10-15T14:07:40","modified_gmt":"2022-10-15T14:07:40","slug":"somerset-besekle","status":"publish","type":"product","link":"https:\/\/akmenesmedelynas.lt\/?product=somerset-besekle","title":{"rendered":"Somerset (bes\u0117kl\u0117)"},"content":{"rendered":"","protected":false},"excerpt":{"rendered":"<p>Atspariausia \u0161al\u010diui i\u0161 vis\u0173 bes\u0117kli\u0173 vynmed\u017ei\u0173 veisli\u0173. Kek\u0117s ir uogos smulkios, ta\u010diau vynuog\u0117s bes\u0117kl\u0117s, labai sald\u017eios ir labai gero \u017eemuogi\u0173 skonio. Ligoms pakankamai atspari. Ankstyva, derlinga. Uogos gali ilgai kab\u0117ti po sunokimo, galima valgyti nuo rugpj\u016b\u010dio antros pus\u0117s iki spalio m\u0117nesio. Kartais, kai \u017eyd\u0117jimas vyksta labai lietingu ir \u0161altu oru &#8211; uogos gali blogai u\u017esimegzti. Viena vertingiausi\u0173 atspari\u0173 \u0161al\u010diui veisli\u0173, prakti\u0161kai idealiai tinkan\u010di\u0173 m\u016bs\u0173 klimatui.<\/p>\n","protected":false},"featured_media":1550,"comment_status":"open","ping_status":"closed","template":"","meta":[],"class_list":{"0":"post-1549","1":"product","2":"type-product","3":"status-publish","4":"has-post-thumbnail","6":"product_cat-vynuoges","8":"first","9":"outofstock","10":"shipping-taxable","11":"product-type-simple"},"yoast_head":"<!-- This site is optimized with the Yoast SEO plugin v16.0.2 - https:\/\/yoast.com\/wordpress\/plugins\/seo\/ -->\n<title>Somerset (bes\u0117kl\u0117) - Akmen\u0117s medelynas<\/title>\n<link rel=\"canonical\" href=\"https:\/\/akmenesmedelynas.lt\/?product=somerset-besekle\" \/>\n<meta property=\"og:locale\" content=\"lt_LT\" \/>\n<meta property=\"og:type\" content=\"article\" \/>\n<meta property=\"og:title\" content=\"Somerset (bes\u0117kl\u0117) - Akmen\u0117s medelynas\" \/>\n<meta property=\"og:description\" content=\"Atspariausia \u0161al\u010diui i\u0161 vis\u0173 bes\u0117kli\u0173 vynmed\u017ei\u0173 veisli\u0173. Kek\u0117s ir uogos smulkios, ta\u010diau vynuog\u0117s bes\u0117kl\u0117s, labai sald\u017eios ir labai gero \u017eemuogi\u0173 skonio. Ligoms pakankamai atspari. Ankstyva, derlinga. Uogos gali ilgai kab\u0117ti po sunokimo, galima valgyti nuo rugpj\u016b\u010dio antros pus\u0117s iki spalio m\u0117nesio. Kartais, kai \u017eyd\u0117jimas vyksta labai lietingu ir \u0161altu oru - uogos gali blogai u\u017esimegzti. Viena vertingiausi\u0173 atspari\u0173 \u0161al\u010diui veisli\u0173, prakti\u0161kai idealiai tinkan\u010di\u0173 m\u016bs\u0173 klimatui.\" \/>\n<meta property=\"og:url\" content=\"https:\/\/akmenesmedelynas.lt\/?product=somerset-besekle\" \/>\n<meta property=\"og:site_name\" content=\"Akmen\u0117s medelynas\" \/>\n<meta property=\"article:modified_time\" content=\"2022-10-15T14:07:40+00:00\" \/>\n<meta property=\"og:image\" content=\"https:\/\/akmenesmedelynas.lt\/wp-content\/uploads\/2021\/03\/somerset.jpg\" \/>\n\t<meta property=\"og:image:width\" content=\"700\" \/>\n\t<meta property=\"og:image:height\" content=\"700\" \/>\n<meta name=\"twitter:card\" content=\"summary_large_image\" \/>\n<script type=\"application\/ld+json\" class=\"yoast-schema-graph\">{\"@context\":\"https:\/\/schema.org\",\"@graph\":[{\"@type\":\"Organization\",\"@id\":\"https:\/\/akmenesmedelynas.lt\/#organization\",\"name\":\"Akmen\\u0117s medelynas\",\"url\":\"https:\/\/akmenesmedelynas.lt\/\",\"sameAs\":[],\"logo\":{\"@type\":\"ImageObject\",\"@id\":\"https:\/\/akmenesmedelynas.lt\/#logo\",\"inLanguage\":\"lt-LT\",\"url\":\"https:\/\/akmenesmedelynas.lt\/wp-content\/uploads\/2021\/03\/Akmene\\u0307s-medelynas-Logo-5.png\",\"width\":1500,\"height\":1500,\"caption\":\"Akmen\\u0117s medelynas\"},\"image\":{\"@id\":\"https:\/\/akmenesmedelynas.lt\/#logo\"}},{\"@type\":\"WebSite\",\"@id\":\"https:\/\/akmenesmedelynas.lt\/#website\",\"url\":\"https:\/\/akmenesmedelynas.lt\/\",\"name\":\"Akmen\\u0117s medelynas\",\"description\":\"\",\"publisher\":{\"@id\":\"https:\/\/akmenesmedelynas.lt\/#organization\"},\"potentialAction\":[{\"@type\":\"SearchAction\",\"target\":\"https:\/\/akmenesmedelynas.lt\/?s={search_term_string}\",\"query-input\":\"required name=search_term_string\"}],\"inLanguage\":\"lt-LT\"},{\"@type\":\"ImageObject\",\"@id\":\"https:\/\/akmenesmedelynas.lt\/?product=somerset-besekle#primaryimage\",\"inLanguage\":\"lt-LT\",\"url\":\"https:\/\/akmenesmedelynas.lt\/wp-content\/uploads\/2021\/03\/somerset.jpg\",\"width\":700,\"height\":700},{\"@type\":\"WebPage\",\"@id\":\"https:\/\/akmenesmedelynas.lt\/?product=somerset-besekle#webpage\",\"url\":\"https:\/\/akmenesmedelynas.lt\/?product=somerset-besekle\",\"name\":\"Somerset (bes\\u0117kl\\u0117) - Akmen\\u0117s medelynas\",\"isPartOf\":{\"@id\":\"https:\/\/akmenesmedelynas.lt\/#website\"},\"primaryImageOfPage\":{\"@id\":\"https:\/\/akmenesmedelynas.lt\/?product=somerset-besekle#primaryimage\"},\"datePublished\":\"2021-03-18T14:06:25+00:00\",\"dateModified\":\"2022-10-15T14:07:40+00:00\",\"breadcrumb\":{\"@id\":\"https:\/\/akmenesmedelynas.lt\/?product=somerset-besekle#breadcrumb\"},\"inLanguage\":\"lt-LT\",\"potentialAction\":[{\"@type\":\"ReadAction\",\"target\":[\"https:\/\/akmenesmedelynas.lt\/?product=somerset-besekle\"]}]},{\"@type\":\"BreadcrumbList\",\"@id\":\"https:\/\/akmenesmedelynas.lt\/?product=somerset-besekle#breadcrumb\",\"itemListElement\":[{\"@type\":\"ListItem\",\"position\":1,\"item\":{\"@type\":\"WebPage\",\"@id\":\"https:\/\/akmenesmedelynas.lt\/\",\"url\":\"https:\/\/akmenesmedelynas.lt\/\",\"name\":\"Home\"}},{\"@type\":\"ListItem\",\"position\":2,\"item\":{\"@type\":\"WebPage\",\"@id\":\"https:\/\/akmenesmedelynas.lt\/?post_type=product\",\"url\":\"https:\/\/akmenesmedelynas.lt\/?post_type=product\",\"name\":\"Produktai\"}},{\"@type\":\"ListItem\",\"position\":3,\"item\":{\"@type\":\"WebPage\",\"@id\":\"https:\/\/akmenesmedelynas.lt\/?product=somerset-besekle\",\"url\":\"https:\/\/akmenesmedelynas.lt\/?product=somerset-besekle\",\"name\":\"Somerset (bes\\u0117kl\\u0117)\"}}]}]}<\/script>\n<!-- \/ Yoast SEO plugin. -->","_links":{"self":[{"href":"https:\/\/akmenesmedelynas.lt\/index.php?rest_route=\/wp\/v2\/product\/1549","targetHints":{"allow":["GET"]}}],"collection":[{"href":"https:\/\/akmenesmedelynas.lt\/index.php?rest_route=\/wp\/v2\/product"}],"about":[{"href":"https:\/\/akmenesmedelynas.lt\/index.php?rest_route=\/wp\/v2\/types\/product"}],"replies":[{"embeddable":true,"href":"https:\/\/akmenesmedelynas.lt\/index.php?rest_route=%2Fwp%2Fv2%2Fcomments&post=1549"}],"version-history":[{"count":1,"href":"https:\/\/akmenesmedelynas.lt\/index.php?rest_route=\/wp\/v2\/product\/1549\/revisions"}],"predecessor-version":[{"id":1579,"href":"https:\/\/akmenesmedelynas.lt\/index.php?rest_route=\/wp\/v2\/product\/1549\/revisions\/1579"}],"wp:featuredmedia":[{"embeddable":true,"href":"https:\/\/akmenesmedelynas.lt\/index.php?rest_route=\/wp\/v2\/media\/1550"}],"wp:attachment":[{"href":"https:\/\/akmenesmedelynas.lt\/index.php?rest_route=%2Fwp%2Fv2%2Fmedia&parent=1549"}],"curies":[{"name":"wp","href":"https:\/\/api.w.org\/{rel}","templated":true}]}}